{"id":230,"date":"2025-09-12T10:02:09","date_gmt":"2025-09-12T10:02:09","guid":{"rendered":"http:\/\/filmstyle.us\/?page_id=230"},"modified":"2025-12-04T11:29:19","modified_gmt":"2025-12-04T11:29:19","slug":"info_old","status":"publish","type":"page","link":"https:\/\/filmstyle.us\/en\/info_old","title":{"rendered":"Informaci\u00f3n filmstyle"},"content":{"rendered":"<div data-elementor-type=\"wp-page\" data-elementor-id=\"230\" class=\"elementor elementor-230\">\n\t\t\t\t<div class=\"elementor-element elementor-element-80df2db e-con-full e-flex e-con e-parent\" data-id=\"80df2db\" data-element_type=\"container\" data-settings=\"{&quot;background_background&quot;:&quot;gradient&quot;}\">\n\t\t<div class=\"elementor-element elementor-element-acce602 e-con-full e-flex e-con e-child\" data-id=\"acce602\" data-element_type=\"container\">\n\t\t\t\t<div class=\"elementor-element elementor-element-3485497 elementor-widget elementor-widget-text-editor\" data-id=\"3485497\" data-element_type=\"widget\" data-widget_type=\"text-editor.default\">\n\t\t\t\t\t\t\t\t\t<p><strong>Our demo reel<\/strong><\/p>\t\t\t\t\t\t\t\t<\/div>\n\t\t\t\t<\/div>\n\t\t<div class=\"elementor-element elementor-element-75551c0 e-flex e-con-boxed e-con e-child\" data-id=\"75551c0\" data-element_type=\"container\">\n\t\t\t\t\t<div class=\"e-con-inner\">\n\t\t\t\t<div class=\"elementor-element elementor-element-36035c6 elementor-widget elementor-widget-video\" data-id=\"36035c6\" data-element_type=\"widget\" data-settings=\"{&quot;video_type&quot;:&quot;vimeo&quot;}\" data-widget_type=\"video.default\">\n\t\t\t\t\t\t\t<div class=\"elementor-wrapper elementor-open-inline\">\n\t\t\t<iframe class=\"elementor-video-iframe\" allowfullscreen allow=\"clipboard-write\" title=\"Reproductor de v\u00eddeo vimeo\" src=\"https:\/\/player.vimeo.com\/video\/1067697803?color&amp;autopause=0&amp;loop=0&amp;muted=0&amp;title=1&amp;portrait=1&amp;byline=1#t=\"><\/iframe>\t\t<\/div>\n\t\t\t\t\t\t<\/div>\n\t\t\t\t\t<\/div>\n\t\t\t\t<\/div>\n\t\t\t\t<\/div>\n\t\t<div class=\"elementor-element elementor-element-281ce42 e-con-full e-flex e-con e-parent\" data-id=\"281ce42\" data-element_type=\"container\" data-settings=\"{&quot;background_background&quot;:&quot;slideshow&quot;,&quot;background_slideshow_gallery&quot;:[{&quot;id&quot;:287,&quot;url&quot;:&quot;https:\\\/\\\/filmstyle.us\\\/wp-content\\\/uploads\\\/2025\\\/09\\\/fondo-scaled.jpg&quot;}],&quot;background_slideshow_loop&quot;:&quot;yes&quot;,&quot;background_slideshow_slide_duration&quot;:5000,&quot;background_slideshow_slide_transition&quot;:&quot;fade&quot;,&quot;background_slideshow_transition_duration&quot;:500}\">\n\t\t<div class=\"elementor-element elementor-element-70c0032 e-flex e-con-boxed e-con e-child\" data-id=\"70c0032\" data-element_type=\"container\">\n\t\t\t\t\t<div class=\"e-con-inner\">\n\t\t\t\t<div class=\"elementor-element elementor-element-48ade62 elementor-widget elementor-widget-text-editor\" data-id=\"48ade62\" data-element_type=\"widget\" data-widget_type=\"text-editor.default\">\n\t\t\t\t\t\t\t\t\t<p><strong>\u00bfQUI\u00c9NES SOMOS?<\/strong><\/p><p>Somos <strong>filmstyle<\/strong>, una divisi\u00f3n de la productora de cine Motivate Pictures. En Barcelona hemos abierto un departamento especializado en la creaci\u00f3n de videobooks con calidad cinematogr\u00e1fica. Con a\u00f1os de experiencia en la industria del cine, tanto en Espa\u00f1a como en Estados Unidos, hemos trabajado en m\u00faltiples producciones que nos han permitido perfeccionar nuestra t\u00e9cnica y narrativa visual. No hacemos simples videobooks, creamos escenas que parecen sacadas directamente de una pel\u00edcula. Nos enfocamos en capturar la esencia de cada actor y potenciar su talento con una producci\u00f3n de alto nivel sacando el m\u00e1ximo rendimiento a cualquier presupuesto por bajo que sea.<br \/>Nuestro equipo acumula a d\u00eda de hoy decenas de premios en festivales de cine de todo el mundo en diversas categorias. Amamos el cine.<\/p>\t\t\t\t\t\t\t\t<\/div>\n\t\t\t\t<div class=\"elementor-element elementor-element-e31cfed elementor-widget elementor-widget-text-editor\" data-id=\"e31cfed\" data-element_type=\"widget\" data-widget_type=\"text-editor.default\">\n\t\t\t\t\t\t\t\t\t<p><strong>\u00bfPOR QU\u00c9 UN VIDEOBOOK CON FILMSTYLE?<\/strong><\/p><p>Porque adem\u00e1s de dedicarnos al cine, gracias a nuestra larga experiencia y a\u00f1os de investigaci\u00f3n, sabemos perfectamente c\u00f3mo funciona la industria desde dentro y que caracter\u00edsticas debe tener un buen videobook para que destaque frente al resto.<br \/>Un videobook es tu carta de presentaci\u00f3n como actor o actriz. Si quieres destacar, necesitas una pieza audiovisual que muestre lo mejor de ti con una calidad profesional.<br \/><strong>\u00b7 Calidad Cinematogr\u00e1fica \u2013<\/strong> Direcci\u00f3n, iluminaci\u00f3n y sonido al nivel del cine.<br \/><strong>\u00b7 100 % Personalizado \u2013<\/strong> Dise\u00f1amos escenas adaptadas a tus puntos fuertes y necesidades.<br \/><strong>\u00b7 Equipo Profesional \u2013<\/strong> Contamos con un equipo de la industria audiovisual.<br \/><strong>\u00b7 Experiencia en la Industria \u2013<\/strong> M\u00e1s de 10 a\u00f1os en cine y publicidad.<br \/><strong>\u00b7 Rodaje con c\u00e1mara RED y opticas prime &#8211;<\/strong> Rodamos con una c\u00e1mara RED utilizada en producciones como Guardianes de la Galaxia 3, Furiosa o The Killer (David Fincher).\u00a0<\/p>\t\t\t\t\t\t\t\t<\/div>\n\t\t<div class=\"elementor-element elementor-element-20fb278 e-grid e-con-full e-con e-child\" data-id=\"20fb278\" data-element_type=\"container\">\n\t\t\t\t<div class=\"elementor-element elementor-element-67cffb5 elementor-widget elementor-widget-image\" data-id=\"67cffb5\" data-element_type=\"widget\" data-widget_type=\"image.default\">\n\t\t\t\t\t\t\t\t\t\t\t\t\t\t\t<img fetchpriority=\"high\" decoding=\"async\" width=\"686\" height=\"1024\" src=\"https:\/\/filmstyle.us\/wp-content\/uploads\/2025\/05\/Cartel-Estocolmo-686x1024.png\" class=\"attachment-large size-large wp-image-212\" alt=\"\" srcset=\"https:\/\/filmstyle.us\/wp-content\/uploads\/2025\/05\/Cartel-Estocolmo-686x1024.png 686w, https:\/\/filmstyle.us\/wp-content\/uploads\/2025\/05\/Cartel-Estocolmo-201x300.png 201w, https:\/\/filmstyle.us\/wp-content\/uploads\/2025\/05\/Cartel-Estocolmo-768x1147.png 768w, https:\/\/filmstyle.us\/wp-content\/uploads\/2025\/05\/Cartel-Estocolmo-1029x1536.png 1029w, https:\/\/filmstyle.us\/wp-content\/uploads\/2025\/05\/Cartel-Estocolmo-8x12.png 8w, https:\/\/filmstyle.us\/wp-content\/uploads\/2025\/05\/Cartel-Estocolmo-500x747.png 500w, https:\/\/filmstyle.us\/wp-content\/uploads\/2025\/05\/Cartel-Estocolmo-800x1194.png 800w, https:\/\/filmstyle.us\/wp-content\/uploads\/2025\/05\/Cartel-Estocolmo-1280x1911.png 1280w, https:\/\/filmstyle.us\/wp-content\/uploads\/2025\/05\/Cartel-Estocolmo-1170x1747.png 1170w, https:\/\/filmstyle.us\/wp-content\/uploads\/2025\/05\/Cartel-Estocolmo.png 1286w\" sizes=\"(max-width: 686px) 100vw, 686px\" \/>\t\t\t\t\t\t\t\t\t\t\t\t\t\t\t<\/div>\n\t\t\t\t<div class=\"elementor-element elementor-element-d064553 elementor-widget elementor-widget-image\" data-id=\"d064553\" data-element_type=\"widget\" data-widget_type=\"image.default\">\n\t\t\t\t\t\t\t\t\t\t\t\t\t\t\t<img decoding=\"async\" width=\"683\" height=\"1024\" src=\"https:\/\/filmstyle.us\/wp-content\/uploads\/2025\/03\/20250302_influenza_35-683x1024.jpg\" class=\"attachment-large size-large wp-image-148\" alt=\"\" srcset=\"https:\/\/filmstyle.us\/wp-content\/uploads\/2025\/03\/20250302_influenza_35-683x1024.jpg 683w, https:\/\/filmstyle.us\/wp-content\/uploads\/2025\/03\/20250302_influenza_35-200x300.jpg 200w, https:\/\/filmstyle.us\/wp-content\/uploads\/2025\/03\/20250302_influenza_35-768x1152.jpg 768w, https:\/\/filmstyle.us\/wp-content\/uploads\/2025\/03\/20250302_influenza_35-1024x1536.jpg 1024w, https:\/\/filmstyle.us\/wp-content\/uploads\/2025\/03\/20250302_influenza_35-1365x2048.jpg 1365w, https:\/\/filmstyle.us\/wp-content\/uploads\/2025\/03\/20250302_influenza_35-1170x1755.jpg 1170w, https:\/\/filmstyle.us\/wp-content\/uploads\/2025\/03\/20250302_influenza_35-scaled.jpg 1707w\" sizes=\"(max-width: 683px) 100vw, 683px\" \/>\t\t\t\t\t\t\t\t\t\t\t\t\t\t\t<\/div>\n\t\t\t\t<div class=\"elementor-element elementor-element-1240c9b gallery-spacing-custom elementor-widget elementor-widget-image-gallery\" data-id=\"1240c9b\" data-element_type=\"widget\" data-widget_type=\"image-gallery.default\">\n\t\t\t\t\t\t\t<div class=\"elementor-image-gallery\">\n\t\t\t<div id='gallery-1' class='gallery galleryid-230 gallery-columns-1 gallery-size-large'><figure class='gallery-item'>\n\t\t\t<div class='gallery-icon landscape'>\n\t\t\t\t<img decoding=\"async\" width=\"1024\" height=\"768\" src=\"https:\/\/filmstyle.us\/wp-content\/uploads\/2025\/05\/20250302_influenza_38-edited-1024x768.jpg\" class=\"attachment-large size-large\" alt=\"\" srcset=\"https:\/\/filmstyle.us\/wp-content\/uploads\/2025\/05\/20250302_influenza_38-edited-1024x768.jpg 1024w, https:\/\/filmstyle.us\/wp-content\/uploads\/2025\/05\/20250302_influenza_38-edited-300x225.jpg 300w, https:\/\/filmstyle.us\/wp-content\/uploads\/2025\/05\/20250302_influenza_38-edited-768x576.jpg 768w, https:\/\/filmstyle.us\/wp-content\/uploads\/2025\/05\/20250302_influenza_38-edited-1536x1152.jpg 1536w, https:\/\/filmstyle.us\/wp-content\/uploads\/2025\/05\/20250302_influenza_38-edited-16x12.jpg 16w, https:\/\/filmstyle.us\/wp-content\/uploads\/2025\/05\/20250302_influenza_38-edited-500x375.jpg 500w, https:\/\/filmstyle.us\/wp-content\/uploads\/2025\/05\/20250302_influenza_38-edited-800x600.jpg 800w, https:\/\/filmstyle.us\/wp-content\/uploads\/2025\/05\/20250302_influenza_38-edited-1280x960.jpg 1280w, https:\/\/filmstyle.us\/wp-content\/uploads\/2025\/05\/20250302_influenza_38-edited-1170x878.jpg 1170w, https:\/\/filmstyle.us\/wp-content\/uploads\/2025\/05\/20250302_influenza_38-edited.jpg 1920w\" sizes=\"(max-width: 1024px) 100vw, 1024px\" \/>\n\t\t\t<\/div><\/figure><figure class='gallery-item'>\n\t\t\t<div class='gallery-icon landscape'>\n\t\t\t\t<img loading=\"lazy\" decoding=\"async\" width=\"1024\" height=\"576\" src=\"https:\/\/filmstyle.us\/wp-content\/uploads\/2025\/03\/Still-2025-03-20-134451_1.2.18-1024x576.png\" class=\"attachment-large size-large\" alt=\"\" aria-describedby=\"gallery-1-150\" srcset=\"https:\/\/filmstyle.us\/wp-content\/uploads\/2025\/03\/Still-2025-03-20-134451_1.2.18-1024x576.png 1024w, https:\/\/filmstyle.us\/wp-content\/uploads\/2025\/03\/Still-2025-03-20-134451_1.2.18-300x169.png 300w, https:\/\/filmstyle.us\/wp-content\/uploads\/2025\/03\/Still-2025-03-20-134451_1.2.18-768x432.png 768w, https:\/\/filmstyle.us\/wp-content\/uploads\/2025\/03\/Still-2025-03-20-134451_1.2.18-1536x864.png 1536w, https:\/\/filmstyle.us\/wp-content\/uploads\/2025\/03\/Still-2025-03-20-134451_1.2.18-1170x658.png 1170w, https:\/\/filmstyle.us\/wp-content\/uploads\/2025\/03\/Still-2025-03-20-134451_1.2.18.png 1920w\" sizes=\"(max-width: 1024px) 100vw, 1024px\" \/>\n\t\t\t<\/div>\n\t\t\t\t<figcaption class='wp-caption-text gallery-caption' id='gallery-1-150'>\n\t\t\t\tD\u00e9j\u00e0 vu\n\t\t\t\t<\/figcaption><\/figure>\n\t\t<\/div>\n\t\t<\/div>\n\t\t\t\t\t\t<\/div>\n\t\t\t\t<\/div>\n\t\t<div class=\"elementor-element elementor-element-5a5270b e-con-full e-flex e-con e-child\" data-id=\"5a5270b\" data-element_type=\"container\">\n\t\t\t\t<div class=\"elementor-element elementor-element-d28229b elementor-widget elementor-widget-heading\" data-id=\"d28229b\" data-element_type=\"widget\" data-widget_type=\"heading.default\">\n\t\t\t\t\t<h2 class=\"elementor-heading-title elementor-size-default\">Precios y packs<\/h2>\t\t\t\t<\/div>\n\t\t\t\t<div class=\"elementor-element elementor-element-d3ed9e2 elementor-widget__width-initial elementor-widget elementor-widget-heading\" data-id=\"d3ed9e2\" data-element_type=\"widget\" data-widget_type=\"heading.default\">\n\t\t\t\t\t<h4 class=\"elementor-heading-title elementor-size-default\">Hemos depurado el equipo para poder ofrecer precios asequibles sin sacrificar la calidad. Adem\u00e1s ofrecemos extras para que puedas hacerte la escena a medida.<\/h4>\t\t\t\t<\/div>\n\t\t<div class=\"elementor-element elementor-element-2a1b9e6 e-con-full e-flex e-con e-child\" data-id=\"2a1b9e6\" data-element_type=\"container\">\n\t\t<div class=\"elementor-element elementor-element-47ff7ae e-grid e-con-full e-con e-child\" data-id=\"47ff7ae\" data-element_type=\"container\">\n\t\t\t\t<div class=\"elementor-element elementor-element-927d857 elementor-widget elementor-widget-image\" data-id=\"927d857\" data-element_type=\"widget\" data-widget_type=\"image.default\">\n\t\t\t\t\t\t\t\t\t\t\t\t\t\t\t<img loading=\"lazy\" decoding=\"async\" width=\"512\" height=\"1024\" src=\"https:\/\/filmstyle.us\/wp-content\/uploads\/2025\/12\/price-01-512x1024.png\" class=\"attachment-large size-large wp-image-635\" alt=\"\" srcset=\"https:\/\/filmstyle.us\/wp-content\/uploads\/2025\/12\/price-01-512x1024.png 512w, https:\/\/filmstyle.us\/wp-content\/uploads\/2025\/12\/price-01-150x300.png 150w, https:\/\/filmstyle.us\/wp-content\/uploads\/2025\/12\/price-01-6x12.png 6w, https:\/\/filmstyle.us\/wp-content\/uploads\/2025\/12\/price-01-500x999.png 500w, https:\/\/filmstyle.us\/wp-content\/uploads\/2025\/12\/price-01.png 568w\" sizes=\"(max-width: 512px) 100vw, 512px\" \/>\t\t\t\t\t\t\t\t\t\t\t\t\t\t\t<\/div>\n\t\t\t\t<div class=\"elementor-element elementor-element-129aad6 elementor-widget elementor-widget-image\" data-id=\"129aad6\" data-element_type=\"widget\" data-widget_type=\"image.default\">\n\t\t\t\t\t\t\t\t\t\t\t\t\t\t\t<img loading=\"lazy\" decoding=\"async\" width=\"504\" height=\"1024\" src=\"https:\/\/filmstyle.us\/wp-content\/uploads\/2025\/12\/price-02-504x1024.png\" class=\"attachment-large size-large wp-image-636\" alt=\"\" srcset=\"https:\/\/filmstyle.us\/wp-content\/uploads\/2025\/12\/price-02-504x1024.png 504w, https:\/\/filmstyle.us\/wp-content\/uploads\/2025\/12\/price-02-148x300.png 148w, https:\/\/filmstyle.us\/wp-content\/uploads\/2025\/12\/price-02-6x12.png 6w, https:\/\/filmstyle.us\/wp-content\/uploads\/2025\/12\/price-02-500x1016.png 500w, https:\/\/filmstyle.us\/wp-content\/uploads\/2025\/12\/price-02.png 570w\" sizes=\"(max-width: 504px) 100vw, 504px\" \/>\t\t\t\t\t\t\t\t\t\t\t\t\t\t\t<\/div>\n\t\t\t\t<div class=\"elementor-element elementor-element-34bdd1b elementor-widget elementor-widget-image\" data-id=\"34bdd1b\" data-element_type=\"widget\" data-widget_type=\"image.default\">\n\t\t\t\t\t\t\t\t\t\t\t\t\t\t\t<img loading=\"lazy\" decoding=\"async\" width=\"512\" height=\"1024\" src=\"https:\/\/filmstyle.us\/wp-content\/uploads\/2025\/12\/price-03-512x1024.png\" class=\"attachment-large size-large wp-image-637\" alt=\"\" srcset=\"https:\/\/filmstyle.us\/wp-content\/uploads\/2025\/12\/price-03-512x1024.png 512w, https:\/\/filmstyle.us\/wp-content\/uploads\/2025\/12\/price-03-150x300.png 150w, https:\/\/filmstyle.us\/wp-content\/uploads\/2025\/12\/price-03-6x12.png 6w, https:\/\/filmstyle.us\/wp-content\/uploads\/2025\/12\/price-03-500x999.png 500w, https:\/\/filmstyle.us\/wp-content\/uploads\/2025\/12\/price-03.png 568w\" sizes=\"(max-width: 512px) 100vw, 512px\" \/>\t\t\t\t\t\t\t\t\t\t\t\t\t\t\t<\/div>\n\t\t\t\t<\/div>\n\t\t\t\t<\/div>\n\t\t\t\t<div class=\"elementor-element elementor-element-75cb879 elementor-widget__width-initial elementor-widget elementor-widget-heading\" data-id=\"75cb879\" data-element_type=\"widget\" data-widget_type=\"heading.default\">\n\t\t\t\t\t<h4 class=\"elementor-heading-title elementor-size-default\">En filmstyle te ofrecemos la posibilidad de dividir gastos con tu compa\u00f1ero de escena garantizando as\u00ed una escena completa para cada uno pagando cada uno solamente la mitad del precio completo de una escena.<\/h4>\t\t\t\t<\/div>\n\t\t<div class=\"elementor-element elementor-element-23f6ac6 e-con-full e-flex e-con e-child\" data-id=\"23f6ac6\" data-element_type=\"container\">\n\t\t<div class=\"elementor-element elementor-element-8db5674 e-grid e-con-full e-con e-child\" data-id=\"8db5674\" data-element_type=\"container\">\n\t\t\t\t<div class=\"elementor-element elementor-element-53de444 elementor-widget elementor-widget-image\" data-id=\"53de444\" data-element_type=\"widget\" data-widget_type=\"image.default\">\n\t\t\t\t\t\t\t\t\t\t\t\t\t\t\t<img loading=\"lazy\" decoding=\"async\" width=\"517\" height=\"1024\" src=\"https:\/\/filmstyle.us\/wp-content\/uploads\/2025\/12\/price-04-517x1024.png\" class=\"attachment-large size-large wp-image-638\" alt=\"\" srcset=\"https:\/\/filmstyle.us\/wp-content\/uploads\/2025\/12\/price-04-517x1024.png 517w, https:\/\/filmstyle.us\/wp-content\/uploads\/2025\/12\/price-04-151x300.png 151w, https:\/\/filmstyle.us\/wp-content\/uploads\/2025\/12\/price-04-6x12.png 6w, https:\/\/filmstyle.us\/wp-content\/uploads\/2025\/12\/price-04-500x991.png 500w, https:\/\/filmstyle.us\/wp-content\/uploads\/2025\/12\/price-04.png 568w\" sizes=\"(max-width: 517px) 100vw, 517px\" \/>\t\t\t\t\t\t\t\t\t\t\t\t\t\t\t<\/div>\n\t\t\t\t<div class=\"elementor-element elementor-element-fb9aec1 elementor-widget elementor-widget-image\" data-id=\"fb9aec1\" data-element_type=\"widget\" data-widget_type=\"image.default\">\n\t\t\t\t\t\t\t\t\t\t\t\t\t\t\t<img loading=\"lazy\" decoding=\"async\" width=\"517\" height=\"1024\" src=\"https:\/\/filmstyle.us\/wp-content\/uploads\/2025\/12\/price-05-517x1024.png\" class=\"attachment-large size-large wp-image-639\" alt=\"\" srcset=\"https:\/\/filmstyle.us\/wp-content\/uploads\/2025\/12\/price-05-517x1024.png 517w, https:\/\/filmstyle.us\/wp-content\/uploads\/2025\/12\/price-05-151x300.png 151w, https:\/\/filmstyle.us\/wp-content\/uploads\/2025\/12\/price-05-6x12.png 6w, https:\/\/filmstyle.us\/wp-content\/uploads\/2025\/12\/price-05-500x991.png 500w, https:\/\/filmstyle.us\/wp-content\/uploads\/2025\/12\/price-05.png 568w\" sizes=\"(max-width: 517px) 100vw, 517px\" \/>\t\t\t\t\t\t\t\t\t\t\t\t\t\t\t<\/div>\n\t\t\t\t<div class=\"elementor-element elementor-element-a4a9d06 elementor-widget elementor-widget-image\" data-id=\"a4a9d06\" data-element_type=\"widget\" data-widget_type=\"image.default\">\n\t\t\t\t\t\t\t\t\t\t\t\t\t\t\t<img loading=\"lazy\" decoding=\"async\" width=\"517\" height=\"1024\" src=\"https:\/\/filmstyle.us\/wp-content\/uploads\/2025\/12\/price-06-517x1024.png\" class=\"attachment-large size-large wp-image-640\" alt=\"\" srcset=\"https:\/\/filmstyle.us\/wp-content\/uploads\/2025\/12\/price-06-517x1024.png 517w, https:\/\/filmstyle.us\/wp-content\/uploads\/2025\/12\/price-06-151x300.png 151w, https:\/\/filmstyle.us\/wp-content\/uploads\/2025\/12\/price-06-6x12.png 6w, https:\/\/filmstyle.us\/wp-content\/uploads\/2025\/12\/price-06-500x991.png 500w, https:\/\/filmstyle.us\/wp-content\/uploads\/2025\/12\/price-06.png 568w\" sizes=\"(max-width: 517px) 100vw, 517px\" \/>\t\t\t\t\t\t\t\t\t\t\t\t\t\t\t<\/div>\n\t\t\t\t<\/div>\n\t\t\t\t<\/div>\n\t\t\t\t<\/div>\n\t\t<div class=\"elementor-element elementor-element-2f6cc9b e-con-full e-flex e-con e-child\" data-id=\"2f6cc9b\" data-element_type=\"container\">\n\t\t\t\t<div class=\"elementor-element elementor-element-22df7cb elementor-widget elementor-widget-image\" data-id=\"22df7cb\" data-element_type=\"widget\" data-widget_type=\"image.default\">\n\t\t\t\t\t\t\t\t\t\t\t\t\t\t\t<img loading=\"lazy\" decoding=\"async\" width=\"1024\" height=\"89\" src=\"https:\/\/filmstyle.us\/wp-content\/uploads\/2025\/12\/price-07-1024x89.png\" class=\"attachment-large size-large wp-image-641\" alt=\"\" srcset=\"https:\/\/filmstyle.us\/wp-content\/uploads\/2025\/12\/price-07-1024x89.png 1024w, https:\/\/filmstyle.us\/wp-content\/uploads\/2025\/12\/price-07-300x26.png 300w, https:\/\/filmstyle.us\/wp-content\/uploads\/2025\/12\/price-07-768x67.png 768w, https:\/\/filmstyle.us\/wp-content\/uploads\/2025\/12\/price-07-1536x133.png 1536w, https:\/\/filmstyle.us\/wp-content\/uploads\/2025\/12\/price-07-18x2.png 18w, https:\/\/filmstyle.us\/wp-content\/uploads\/2025\/12\/price-07-500x43.png 500w, https:\/\/filmstyle.us\/wp-content\/uploads\/2025\/12\/price-07-800x69.png 800w, https:\/\/filmstyle.us\/wp-content\/uploads\/2025\/12\/price-07-1280x111.png 1280w, https:\/\/filmstyle.us\/wp-content\/uploads\/2025\/12\/price-07-1170x101.png 1170w, https:\/\/filmstyle.us\/wp-content\/uploads\/2025\/12\/price-07.png 1766w\" sizes=\"(max-width: 1024px) 100vw, 1024px\" \/>\t\t\t\t\t\t\t\t\t\t\t\t\t\t\t<\/div>\n\t\t\t\t<\/div>\n\t\t\t\t<div class=\"elementor-element elementor-element-788b79f elementor-align-center elementor-widget elementor-widget-button\" data-id=\"788b79f\" data-element_type=\"widget\" data-widget_type=\"button.default\">\n\t\t\t\t\t\t\t\t\t\t<a class=\"elementor-button elementor-button-link elementor-size-sm\" href=\"https:\/\/wa.me\/34600948328\" target=\"_blank\">\n\t\t\t\t\t\t<span class=\"elementor-button-content-wrapper\">\n\t\t\t\t\t\t\t\t\t<span class=\"elementor-button-text\">Escr\u00edbenos por WhatsApp para m\u00e1s info. \u00a1Haz click aqui!<\/span>\n\t\t\t\t\t<\/span>\n\t\t\t\t\t<\/a>\n\t\t\t\t\t\t\t\t<\/div>\n\t\t\t\t\t<\/div>\n\t\t\t\t<\/div>\n\t\t\t\t<\/div>\n\t\t\t\t<\/div>","protected":false},"excerpt":{"rendered":"<p>Descubre nuestra reel https:\/\/vimeo.com\/1067697803?fl=pl&#038;fe=vl \u00bfQUI\u00c9NES SOMOS? Somos filmstyle, una divisi\u00f3n de la productora de cine Motivate Pictures. En Barcelona hemos abierto un departamento especializado en la creaci\u00f3n de videobooks con calidad cinematogr\u00e1fica. Con a\u00f1os de experiencia en la industria del cine, tanto en Espa\u00f1a como en Estados Unidos, hemos trabajado en m\u00faltiples producciones que nos [&hellip;]<\/p>","protected":false},"author":1,"featured_media":0,"parent":0,"menu_order":0,"comment_status":"closed","ping_status":"closed","template":"test","meta":{"_vp_format_video_url":"","_vp_image_focal_point":[],"footnotes":""},"class_list":["post-230","page","type-page","status-publish","hentry"],"_links":{"self":[{"href":"https:\/\/filmstyle.us\/en\/wp-json\/wp\/v2\/pages\/230","targetHints":{"allow":["GET"]}}],"collection":[{"href":"https:\/\/filmstyle.us\/en\/wp-json\/wp\/v2\/pages"}],"about":[{"href":"https:\/\/filmstyle.us\/en\/wp-json\/wp\/v2\/types\/page"}],"author":[{"embeddable":true,"href":"https:\/\/filmstyle.us\/en\/wp-json\/wp\/v2\/users\/1"}],"replies":[{"embeddable":true,"href":"https:\/\/filmstyle.us\/en\/wp-json\/wp\/v2\/comments?post=230"}],"version-history":[{"count":0,"href":"https:\/\/filmstyle.us\/en\/wp-json\/wp\/v2\/pages\/230\/revisions"}],"wp:attachment":[{"href":"https:\/\/filmstyle.us\/en\/wp-json\/wp\/v2\/media?parent=230"}],"curies":[{"name":"wp","href":"https:\/\/api.w.org\/{rel}","templated":true}]}}