{"id":226,"date":"2025-07-08T18:02:40","date_gmt":"2025-07-08T18:02:40","guid":{"rendered":"https:\/\/filmstyle.us\/?page_id=226"},"modified":"2025-07-08T18:03:21","modified_gmt":"2025-07-08T18:03:21","slug":"bases-sorteo","status":"publish","type":"page","link":"https:\/\/filmstyle.us\/en\/bases-sorteo","title":{"rendered":"Bases sorteo instagram"},"content":{"rendered":"<h3 class=\"wp-block-heading\"><strong>1. \u00c1mbito de Aplicaci\u00f3n<\/strong><\/h3>\n\n\n\n<p>Los concursos y promociones se extender\u00e1n \u00fanicamente en Barcelona.<\/p>\n\n\n\n<h3 class=\"wp-block-heading\"><strong>2. Duraci\u00f3n<\/strong><\/h3>\n\n\n\n<p>Las fechas de comienzo y finalizaci\u00f3n estar\u00e1n detalladas en cada una de las acciones promocionales.<\/p>\n\n\n\n<h3 class=\"wp-block-heading\"><strong>3. Participaci\u00f3n<\/strong><\/h3>\n\n\n\n<p>Para poder participar en las diferentes acciones promocionales promovidas por <strong>filmstyle.us<\/strong>, se exige ser persona f\u00edsica residente en Espa\u00f1a con mayor\u00eda de edad. El personal empleado de <strong>filmstyle.us<\/strong> no podr\u00e1 participar en el sorteo.<br>Las condiciones particulares de participaci\u00f3n estar\u00e1n especificadas en cada promoci\u00f3n.<\/p>\n\n\n\n<h3 class=\"wp-block-heading\"><strong>5. Ganadores<\/strong><\/h3>\n\n\n\n<p>Los ganadores de los concursos se extraer\u00e1n por sistemas inform\u00e1ticos de selecci\u00f3n aleatoria, entre todos aquellos que hayan participado conforme a las reglas establecidas.<br>Los ganadores ser\u00e1n informados mediante la publicaci\u00f3n de su nombre en las cuentas oficiales de Instagram de <strong>filmstyle.us<\/strong>.<br>Para todos los concursos se designar\u00e1 un n\u00famero concreto de ganadores, en funci\u00f3n de los premios. Adem\u00e1s, se escoger\u00e1 tambi\u00e9n un n\u00famero concreto de suplentes utilizando los mismos criterios de selecci\u00f3n.<br>Si el ganador renuncia al premio ofrecido por <strong>filmstyle.us<\/strong>, este pasar\u00e1 directamente al siguiente suplente.<\/p>\n\n\n\n<h3 class=\"wp-block-heading\"><strong>6. Premios<\/strong><\/h3>\n\n\n\n<p>Cada uno de los premios que se otorguen ser\u00e1 descrito en las diferentes acciones promocionales. En caso de ser un premio en especie, no podr\u00e1 canjearse por dinero.<br>El premio incluye: guion original adaptado al ganador (con un m\u00e1ximo de dos revisiones), direcci\u00f3n actoral personalizada, rodaje profesional con equipo cinematogr\u00e1fico, edici\u00f3n, correcci\u00f3n de color y sonido (estas tres \u00faltimas tambi\u00e9n con un m\u00e1ximo de dos revisiones), y entrega final lista para castings.<br>Cualquier elemento extra no incluido ser\u00e1 gestionado de forma externa al premio, con un costo adicional determinado o asumido por el ganador por su cuenta.<\/p>\n\n\n\n<h3 class=\"wp-block-heading\"><strong>7. Aceptaci\u00f3n de bases y Responsabilidad<\/strong><\/h3>\n\n\n\n<p>La participaci\u00f3n en cada una de las acciones promocionales llevadas a cabo por <strong>filmstyle.us<\/strong> conlleva la aceptaci\u00f3n \u00edntegra de estas bases generales y las condiciones particulares que, en su caso, se establezcan en cada promoci\u00f3n.<br><strong>filmstyle.us<\/strong> se reserva el derecho de anular la promoci\u00f3n por razones justificadas, as\u00ed como modificar estas bases o las de la acci\u00f3n promocional en cualquier momento, o dejar el premio desierto. Si esto ocurriera, ser\u00e1 debidamente puesto en conocimiento de los participantes en el mismo canal en el que se haya llevado a cabo la acci\u00f3n, con una explicaci\u00f3n motivada de la decisi\u00f3n.<br>De la misma forma, <strong>filmstyle.us<\/strong> se reserva el derecho de excluir a aquellos participantes que vulneren las normas establecidas en las bases o cuyo comportamiento afecte al normal desarrollo de la acci\u00f3n promocional, as\u00ed como a descalificar a aquellos que act\u00faen de forma abusiva o fraudulenta. Cualquier cuenta BOT o cuenta sospechosa de interactuar mayoritariamente s\u00f3lo con sorteos ser\u00e1 descalificada.<br><strong>filmstyle.us<\/strong> queda eximido de responsabilidad en el caso de que no pueda localizar al ganador por causas no imputables a la empresa. Tambi\u00e9n el ganador exime a <strong>filmstyle.us<\/strong> de la responsabilidad de cualquier perjuicio que pudiera derivarse del uso del premio otorgado.<br>Cualquier incidencia que pueda surgir y no est\u00e9 contemplada en estas bases ser\u00e1 resuelta por <strong>filmstyle.us<\/strong> conforme a su mejor criterio.<\/p>\n\n\n\n<h3 class=\"wp-block-heading\"><strong>8. Ley Aplicable y Jurisdicci\u00f3n<\/strong><\/h3>\n\n\n\n<p>Las acciones de promoci\u00f3n, as\u00ed como las bases que las regulan, est\u00e1n sujetas a la legislaci\u00f3n espa\u00f1ola. Cualquier controversia que de ellas se derive, y ante la ausencia de acuerdo amistoso, ser\u00e1n competentes los tribunales espa\u00f1oles.<\/p>","protected":false},"excerpt":{"rendered":"<p>1. \u00c1mbito de Aplicaci\u00f3n Los concursos y promociones se extender\u00e1n \u00fanicamente en Barcelona. 2. Duraci\u00f3n Las fechas de comienzo y finalizaci\u00f3n estar\u00e1n detalladas en cada una de las acciones promocionales. 3. Participaci\u00f3n Para poder participar en las diferentes acciones promocionales promovidas por filmstyle.us, se exige ser persona f\u00edsica residente en Espa\u00f1a con mayor\u00eda de edad. [&hellip;]<\/p>","protected":false},"author":1,"featured_media":0,"parent":0,"menu_order":0,"comment_status":"closed","ping_status":"closed","template":"","meta":{"_vp_format_video_url":"","_vp_image_focal_point":[],"footnotes":""},"class_list":["post-226","page","type-page","status-publish","hentry"],"_links":{"self":[{"href":"https:\/\/filmstyle.us\/en\/wp-json\/wp\/v2\/pages\/226","targetHints":{"allow":["GET"]}}],"collection":[{"href":"https:\/\/filmstyle.us\/en\/wp-json\/wp\/v2\/pages"}],"about":[{"href":"https:\/\/filmstyle.us\/en\/wp-json\/wp\/v2\/types\/page"}],"author":[{"embeddable":true,"href":"https:\/\/filmstyle.us\/en\/wp-json\/wp\/v2\/users\/1"}],"replies":[{"embeddable":true,"href":"https:\/\/filmstyle.us\/en\/wp-json\/wp\/v2\/comments?post=226"}],"version-history":[{"count":0,"href":"https:\/\/filmstyle.us\/en\/wp-json\/wp\/v2\/pages\/226\/revisions"}],"wp:attachment":[{"href":"https:\/\/filmstyle.us\/en\/wp-json\/wp\/v2\/media?parent=226"}],"curies":[{"name":"wp","href":"https:\/\/api.w.org\/{rel}","templated":true}]}}