{"id":215,"date":"2025-05-04T20:35:40","date_gmt":"2025-05-04T20:35:40","guid":{"rendered":"https:\/\/filmstyle.us\/?page_id=215"},"modified":"2025-09-25T14:51:07","modified_gmt":"2025-09-25T14:51:07","slug":"ecos-de-libertad","status":"publish","type":"page","link":"https:\/\/filmstyle.us\/en\/ecos-de-libertad","title":{"rendered":"Echoes of Freedom"},"content":{"rendered":"<p>A young woman wakes up with unexplained injuries. Facing her, a trusted lawyer insists she reveal the truth about what happened so he can help her. In a society where the arts are prohibited and repression is the law, her silence is both a shield and a threat.<\/p>\n\n\n\n<p><a href=\"https:\/\/www.imdb.com\/title\/tt35477005\/\" target=\"_blank\" rel=\"noreferrer noopener\">IMDB page<\/a><\/p>\n\n\n\n<figure class=\"wp-block-image size-large is-resized\"><img fetchpriority=\"high\" decoding=\"async\" width=\"686\" height=\"1024\" src=\"http:\/\/filmstyle.us\/wp-content\/uploads\/2025\/05\/Artboard-1-copy.jpg\" alt=\"\" class=\"wp-image-216\" style=\"width:720px;height:auto\" srcset=\"https:\/\/filmstyle.us\/wp-content\/uploads\/2025\/05\/Artboard-1-copy.jpg 1286w, https:\/\/filmstyle.us\/wp-content\/uploads\/2025\/05\/Artboard-1-copy-201x300.jpg 201w, https:\/\/filmstyle.us\/wp-content\/uploads\/2025\/05\/Artboard-1-copy-686x1024.jpg 686w, https:\/\/filmstyle.us\/wp-content\/uploads\/2025\/05\/Artboard-1-copy-768x1147.jpg 768w, https:\/\/filmstyle.us\/wp-content\/uploads\/2025\/05\/Artboard-1-copy-1029x1536.jpg 1029w, https:\/\/filmstyle.us\/wp-content\/uploads\/2025\/05\/Artboard-1-copy-8x12.jpg 8w, https:\/\/filmstyle.us\/wp-content\/uploads\/2025\/05\/Artboard-1-copy-500x747.jpg 500w, https:\/\/filmstyle.us\/wp-content\/uploads\/2025\/05\/Artboard-1-copy-800x1194.jpg 800w, https:\/\/filmstyle.us\/wp-content\/uploads\/2025\/05\/Artboard-1-copy-1280x1911.jpg 1280w, https:\/\/filmstyle.us\/wp-content\/uploads\/2025\/05\/Artboard-1-copy-1170x1747.jpg 1170w\" sizes=\"(max-width: 686px) 100vw, 686px\" \/><\/figure>\n\n\n\n<figure class=\"wp-block-image size-large\"><img decoding=\"async\" src=\"https:\/\/filmstyle.us\/wp-content\/uploads\/2025\/09\/Still-2024-11-15-221029_1.65.1-1024x576.png\" alt=\"\" class=\"wp-image-466\"\/><\/figure>\n\n\n\n<figure class=\"wp-block-image size-large\"><img decoding=\"async\" width=\"1024\" height=\"576\" src=\"https:\/\/filmstyle.us\/wp-content\/uploads\/2025\/09\/Still-2024-11-15-221029_1.34.1-1024x576.png\" alt=\"\" class=\"wp-image-467\" srcset=\"https:\/\/filmstyle.us\/wp-content\/uploads\/2025\/09\/Still-2024-11-15-221029_1.34.1-1024x576.png 1024w, https:\/\/filmstyle.us\/wp-content\/uploads\/2025\/09\/Still-2024-11-15-221029_1.34.1-300x169.png 300w, https:\/\/filmstyle.us\/wp-content\/uploads\/2025\/09\/Still-2024-11-15-221029_1.34.1-768x432.png 768w, https:\/\/filmstyle.us\/wp-content\/uploads\/2025\/09\/Still-2024-11-15-221029_1.34.1-1536x864.png 1536w, https:\/\/filmstyle.us\/wp-content\/uploads\/2025\/09\/Still-2024-11-15-221029_1.34.1-18x10.png 18w, https:\/\/filmstyle.us\/wp-content\/uploads\/2025\/09\/Still-2024-11-15-221029_1.34.1-500x281.png 500w, https:\/\/filmstyle.us\/wp-content\/uploads\/2025\/09\/Still-2024-11-15-221029_1.34.1-800x450.png 800w, https:\/\/filmstyle.us\/wp-content\/uploads\/2025\/09\/Still-2024-11-15-221029_1.34.1-1280x720.png 1280w, https:\/\/filmstyle.us\/wp-content\/uploads\/2025\/09\/Still-2024-11-15-221029_1.34.1-1170x658.png 1170w, https:\/\/filmstyle.us\/wp-content\/uploads\/2025\/09\/Still-2024-11-15-221029_1.34.1.png 1920w\" sizes=\"(max-width: 1024px) 100vw, 1024px\" \/><\/figure>","protected":false},"excerpt":{"rendered":"<p>Una joven despierta con heridas inexplicables. Frente a ella, un abogado de confianza le insiste en que revele la verdad de lo ocurrido para poder ayudarla. En una sociedad donde las artes est\u00e1n prohibidas y la represi\u00f3n es ley, su silencio es tanto un escudo como una amenaza. P\u00e1gina IMDB del proyecto<\/p>","protected":false},"author":1,"featured_media":0,"parent":0,"menu_order":0,"comment_status":"closed","ping_status":"closed","template":"","meta":{"_vp_format_video_url":"","_vp_image_focal_point":[],"footnotes":""},"class_list":["post-215","page","type-page","status-publish","hentry"],"_links":{"self":[{"href":"https:\/\/filmstyle.us\/en\/wp-json\/wp\/v2\/pages\/215","targetHints":{"allow":["GET"]}}],"collection":[{"href":"https:\/\/filmstyle.us\/en\/wp-json\/wp\/v2\/pages"}],"about":[{"href":"https:\/\/filmstyle.us\/en\/wp-json\/wp\/v2\/types\/page"}],"author":[{"embeddable":true,"href":"https:\/\/filmstyle.us\/en\/wp-json\/wp\/v2\/users\/1"}],"replies":[{"embeddable":true,"href":"https:\/\/filmstyle.us\/en\/wp-json\/wp\/v2\/comments?post=215"}],"version-history":[{"count":0,"href":"https:\/\/filmstyle.us\/en\/wp-json\/wp\/v2\/pages\/215\/revisions"}],"wp:attachment":[{"href":"https:\/\/filmstyle.us\/en\/wp-json\/wp\/v2\/media?parent=215"}],"curies":[{"name":"wp","href":"https:\/\/api.w.org\/{rel}","templated":true}]}}