{"id":205,"date":"2025-05-04T20:09:59","date_gmt":"2025-05-04T20:09:59","guid":{"rendered":"https:\/\/filmstyle.us\/?page_id=205"},"modified":"2025-05-04T20:11:11","modified_gmt":"2025-05-04T20:11:11","slug":"after-life","status":"publish","type":"page","link":"https:\/\/filmstyle.us\/en\/after-life","title":{"rendered":"After Life"},"content":{"rendered":"<p>Dos amigas hablan por tel\u00e9fono sobre el misterio de la muerte. A pesar de sus puntos de vista opuestos, ambas buscan un terreno com\u00fan, intentando encontrar un entendimiento compartido sobre la incertidumbre y el miedo al fin.<\/p>\n\n\n\n<p><a href=\"https:\/\/www.imdb.com\/title\/tt22819608\/\" data-type=\"link\" data-id=\"https:\/\/www.imdb.com\/title\/tt22819608\/\" target=\"_blank\" rel=\"noreferrer noopener\">IMDB page<\/a><\/p>\n\n\n\n<figure class=\"wp-block-image size-large is-resized\"><img fetchpriority=\"high\" decoding=\"async\" width=\"686\" height=\"1024\" src=\"https:\/\/filmstyle.us\/wp-content\/uploads\/2025\/05\/poster-after-686x1024.jpg\" alt=\"\" class=\"wp-image-209\" style=\"width:720px;height:auto\" srcset=\"https:\/\/filmstyle.us\/wp-content\/uploads\/2025\/05\/poster-after-686x1024.jpg 686w, https:\/\/filmstyle.us\/wp-content\/uploads\/2025\/05\/poster-after-201x300.jpg 201w, https:\/\/filmstyle.us\/wp-content\/uploads\/2025\/05\/poster-after-768x1147.jpg 768w, https:\/\/filmstyle.us\/wp-content\/uploads\/2025\/05\/poster-after-1029x1536.jpg 1029w, https:\/\/filmstyle.us\/wp-content\/uploads\/2025\/05\/poster-after-8x12.jpg 8w, https:\/\/filmstyle.us\/wp-content\/uploads\/2025\/05\/poster-after-500x747.jpg 500w, https:\/\/filmstyle.us\/wp-content\/uploads\/2025\/05\/poster-after-800x1194.jpg 800w, https:\/\/filmstyle.us\/wp-content\/uploads\/2025\/05\/poster-after-1280x1911.jpg 1280w, https:\/\/filmstyle.us\/wp-content\/uploads\/2025\/05\/poster-after-1170x1747.jpg 1170w, https:\/\/filmstyle.us\/wp-content\/uploads\/2025\/05\/poster-after.jpg 1286w\" sizes=\"(max-width: 686px) 100vw, 686px\" \/><\/figure>\n\n\n\n<figure class=\"wp-block-gallery has-nested-images columns-1 is-cropped wp-block-gallery-1 is-layout-flex wp-block-gallery-is-layout-flex\">\n<figure class=\"wp-block-image size-large\"><img decoding=\"async\" width=\"1024\" height=\"429\" data-id=\"207\" src=\"https:\/\/filmstyle.us\/wp-content\/uploads\/2025\/05\/Still-2025-05-04-220602_1.22.1.POST_-1024x429.jpg\" alt=\"\" class=\"wp-image-207\" srcset=\"https:\/\/filmstyle.us\/wp-content\/uploads\/2025\/05\/Still-2025-05-04-220602_1.22.1.POST_-1024x429.jpg 1024w, https:\/\/filmstyle.us\/wp-content\/uploads\/2025\/05\/Still-2025-05-04-220602_1.22.1.POST_-300x126.jpg 300w, https:\/\/filmstyle.us\/wp-content\/uploads\/2025\/05\/Still-2025-05-04-220602_1.22.1.POST_-768x322.jpg 768w, https:\/\/filmstyle.us\/wp-content\/uploads\/2025\/05\/Still-2025-05-04-220602_1.22.1.POST_-1536x644.jpg 1536w, https:\/\/filmstyle.us\/wp-content\/uploads\/2025\/05\/Still-2025-05-04-220602_1.22.1.POST_-2048x858.jpg 2048w, https:\/\/filmstyle.us\/wp-content\/uploads\/2025\/05\/Still-2025-05-04-220602_1.22.1.POST_-18x8.jpg 18w, https:\/\/filmstyle.us\/wp-content\/uploads\/2025\/05\/Still-2025-05-04-220602_1.22.1.POST_-500x209.jpg 500w, https:\/\/filmstyle.us\/wp-content\/uploads\/2025\/05\/Still-2025-05-04-220602_1.22.1.POST_-800x335.jpg 800w, https:\/\/filmstyle.us\/wp-content\/uploads\/2025\/05\/Still-2025-05-04-220602_1.22.1.POST_-1280x536.jpg 1280w, https:\/\/filmstyle.us\/wp-content\/uploads\/2025\/05\/Still-2025-05-04-220602_1.22.1.POST_-1920x804.jpg 1920w, https:\/\/filmstyle.us\/wp-content\/uploads\/2025\/05\/Still-2025-05-04-220602_1.22.1.POST_-1170x490.jpg 1170w\" sizes=\"(max-width: 1024px) 100vw, 1024px\" \/><\/figure>\n\n\n\n<figure class=\"wp-block-image size-large\"><img decoding=\"async\" width=\"1024\" height=\"429\" data-id=\"206\" src=\"https:\/\/filmstyle.us\/wp-content\/uploads\/2025\/05\/Still-2025-05-04-220636_1.1.1.POST_-1024x429.jpg\" alt=\"\" class=\"wp-image-206\" srcset=\"https:\/\/filmstyle.us\/wp-content\/uploads\/2025\/05\/Still-2025-05-04-220636_1.1.1.POST_-1024x429.jpg 1024w, https:\/\/filmstyle.us\/wp-content\/uploads\/2025\/05\/Still-2025-05-04-220636_1.1.1.POST_-300x126.jpg 300w, https:\/\/filmstyle.us\/wp-content\/uploads\/2025\/05\/Still-2025-05-04-220636_1.1.1.POST_-768x322.jpg 768w, https:\/\/filmstyle.us\/wp-content\/uploads\/2025\/05\/Still-2025-05-04-220636_1.1.1.POST_-1536x644.jpg 1536w, https:\/\/filmstyle.us\/wp-content\/uploads\/2025\/05\/Still-2025-05-04-220636_1.1.1.POST_-2048x858.jpg 2048w, https:\/\/filmstyle.us\/wp-content\/uploads\/2025\/05\/Still-2025-05-04-220636_1.1.1.POST_-18x8.jpg 18w, https:\/\/filmstyle.us\/wp-content\/uploads\/2025\/05\/Still-2025-05-04-220636_1.1.1.POST_-500x209.jpg 500w, https:\/\/filmstyle.us\/wp-content\/uploads\/2025\/05\/Still-2025-05-04-220636_1.1.1.POST_-800x335.jpg 800w, https:\/\/filmstyle.us\/wp-content\/uploads\/2025\/05\/Still-2025-05-04-220636_1.1.1.POST_-1280x536.jpg 1280w, https:\/\/filmstyle.us\/wp-content\/uploads\/2025\/05\/Still-2025-05-04-220636_1.1.1.POST_-1920x804.jpg 1920w, https:\/\/filmstyle.us\/wp-content\/uploads\/2025\/05\/Still-2025-05-04-220636_1.1.1.POST_-1170x490.jpg 1170w\" sizes=\"(max-width: 1024px) 100vw, 1024px\" \/><\/figure>\n\n\n\n<figure class=\"wp-block-image size-large\"><img loading=\"lazy\" decoding=\"async\" width=\"1024\" height=\"429\" data-id=\"208\" src=\"https:\/\/filmstyle.us\/wp-content\/uploads\/2025\/05\/Still-2025-05-04-220726_1.32.2.POST_-1024x429.jpg\" alt=\"\" class=\"wp-image-208\" srcset=\"https:\/\/filmstyle.us\/wp-content\/uploads\/2025\/05\/Still-2025-05-04-220726_1.32.2.POST_-1024x429.jpg 1024w, https:\/\/filmstyle.us\/wp-content\/uploads\/2025\/05\/Still-2025-05-04-220726_1.32.2.POST_-300x126.jpg 300w, https:\/\/filmstyle.us\/wp-content\/uploads\/2025\/05\/Still-2025-05-04-220726_1.32.2.POST_-768x322.jpg 768w, https:\/\/filmstyle.us\/wp-content\/uploads\/2025\/05\/Still-2025-05-04-220726_1.32.2.POST_-1536x644.jpg 1536w, https:\/\/filmstyle.us\/wp-content\/uploads\/2025\/05\/Still-2025-05-04-220726_1.32.2.POST_-2048x858.jpg 2048w, https:\/\/filmstyle.us\/wp-content\/uploads\/2025\/05\/Still-2025-05-04-220726_1.32.2.POST_-18x8.jpg 18w, https:\/\/filmstyle.us\/wp-content\/uploads\/2025\/05\/Still-2025-05-04-220726_1.32.2.POST_-500x209.jpg 500w, https:\/\/filmstyle.us\/wp-content\/uploads\/2025\/05\/Still-2025-05-04-220726_1.32.2.POST_-800x335.jpg 800w, https:\/\/filmstyle.us\/wp-content\/uploads\/2025\/05\/Still-2025-05-04-220726_1.32.2.POST_-1280x536.jpg 1280w, https:\/\/filmstyle.us\/wp-content\/uploads\/2025\/05\/Still-2025-05-04-220726_1.32.2.POST_-1920x804.jpg 1920w, https:\/\/filmstyle.us\/wp-content\/uploads\/2025\/05\/Still-2025-05-04-220726_1.32.2.POST_-1170x490.jpg 1170w\" sizes=\"(max-width: 1024px) 100vw, 1024px\" \/><\/figure>\n<\/figure>","protected":false},"excerpt":{"rendered":"<p>Dos amigas hablan por tel\u00e9fono sobre el misterio de la muerte. A pesar de sus puntos de vista opuestos, ambas buscan un terreno com\u00fan, intentando encontrar un entendimiento compartido sobre la incertidumbre y el miedo al fin. P\u00e1gina IMDB del proyecto<\/p>","protected":false},"author":1,"featured_media":0,"parent":0,"menu_order":0,"comment_status":"closed","ping_status":"closed","template":"","meta":{"_vp_format_video_url":"","_vp_image_focal_point":[],"footnotes":""},"class_list":["post-205","page","type-page","status-publish","hentry"],"_links":{"self":[{"href":"https:\/\/filmstyle.us\/en\/wp-json\/wp\/v2\/pages\/205","targetHints":{"allow":["GET"]}}],"collection":[{"href":"https:\/\/filmstyle.us\/en\/wp-json\/wp\/v2\/pages"}],"about":[{"href":"https:\/\/filmstyle.us\/en\/wp-json\/wp\/v2\/types\/page"}],"author":[{"embeddable":true,"href":"https:\/\/filmstyle.us\/en\/wp-json\/wp\/v2\/users\/1"}],"replies":[{"embeddable":true,"href":"https:\/\/filmstyle.us\/en\/wp-json\/wp\/v2\/comments?post=205"}],"version-history":[{"count":0,"href":"https:\/\/filmstyle.us\/en\/wp-json\/wp\/v2\/pages\/205\/revisions"}],"wp:attachment":[{"href":"https:\/\/filmstyle.us\/en\/wp-json\/wp\/v2\/media?parent=205"}],"curies":[{"name":"wp","href":"https:\/\/api.w.org\/{rel}","templated":true}]}}