{"id":174,"date":"2025-03-24T11:33:29","date_gmt":"2025-03-24T11:33:29","guid":{"rendered":"https:\/\/filmstyle.us\/?page_id=174"},"modified":"2025-05-04T20:26:25","modified_gmt":"2025-05-04T20:26:25","slug":"deja-vu","status":"publish","type":"page","link":"https:\/\/filmstyle.us\/en\/deja-vu","title":{"rendered":"D\u00e9j\u00e0 Vu"},"content":{"rendered":"<p>D\u00e9j\u00e0 Vu is a science fiction project born from the experiences of the social lockdowns of 2020. It tells the story of a twist on confinement and a father's efforts to save his daughter.<\/p>\n\n\n\n<p><a href=\"https:\/\/www.imdb.com\/title\/tt15338114\/\" target=\"_blank\" rel=\"noreferrer noopener\">IMDB page<\/a><\/p>\n\n\n\n<figure class=\"wp-block-embed is-type-video is-provider-youtube wp-block-embed-youtube wp-embed-aspect-16-9 wp-has-aspect-ratio\"><div class=\"wp-block-embed__wrapper\">\n<iframe title=\"D\u00e9j\u00e0 Vu - Trailer\" width=\"1170\" height=\"658\" src=\"https:\/\/www.youtube.com\/embed\/4Ve-nvJ9BQ4?feature=oembed\" frameborder=\"0\" allow=\"accelerometer; autoplay; clipboard-write; encrypted-media; gyroscope; picture-in-picture; web-share\" referrerpolicy=\"strict-origin-when-cross-origin\" allowfullscreen><\/iframe>\n<\/div><\/figure>\n\n\n\n<figure class=\"wp-block-image size-large\"><img fetchpriority=\"high\" decoding=\"async\" width=\"686\" height=\"1024\" src=\"https:\/\/filmstyle.us\/wp-content\/uploads\/2025\/05\/01Artboard-1-686x1024.jpg\" alt=\"\" class=\"wp-image-210\" srcset=\"https:\/\/filmstyle.us\/wp-content\/uploads\/2025\/05\/01Artboard-1-686x1024.jpg 686w, https:\/\/filmstyle.us\/wp-content\/uploads\/2025\/05\/01Artboard-1-201x300.jpg 201w, https:\/\/filmstyle.us\/wp-content\/uploads\/2025\/05\/01Artboard-1-768x1146.jpg 768w, https:\/\/filmstyle.us\/wp-content\/uploads\/2025\/05\/01Artboard-1-1029x1536.jpg 1029w, https:\/\/filmstyle.us\/wp-content\/uploads\/2025\/05\/01Artboard-1-8x12.jpg 8w, https:\/\/filmstyle.us\/wp-content\/uploads\/2025\/05\/01Artboard-1-500x746.jpg 500w, https:\/\/filmstyle.us\/wp-content\/uploads\/2025\/05\/01Artboard-1-800x1194.jpg 800w, https:\/\/filmstyle.us\/wp-content\/uploads\/2025\/05\/01Artboard-1-1170x1746.jpg 1170w, https:\/\/filmstyle.us\/wp-content\/uploads\/2025\/05\/01Artboard-1.jpg 1206w\" sizes=\"(max-width: 686px) 100vw, 686px\" \/><\/figure>\n\n\n\n<figure class=\"wp-block-image\"><img decoding=\"async\" width=\"1024\" height=\"576\" src=\"http:\/\/filmstyle.us\/wp-content\/uploads\/2025\/03\/Still-2025-03-20-134451_1.2.23-1024x576.png\" alt=\"\" class=\"wp-image-158\" srcset=\"https:\/\/filmstyle.us\/wp-content\/uploads\/2025\/03\/Still-2025-03-20-134451_1.2.23-1024x576.png 1024w, https:\/\/filmstyle.us\/wp-content\/uploads\/2025\/03\/Still-2025-03-20-134451_1.2.23-300x169.png 300w, https:\/\/filmstyle.us\/wp-content\/uploads\/2025\/03\/Still-2025-03-20-134451_1.2.23-768x432.png 768w, https:\/\/filmstyle.us\/wp-content\/uploads\/2025\/03\/Still-2025-03-20-134451_1.2.23-1536x864.png 1536w, https:\/\/filmstyle.us\/wp-content\/uploads\/2025\/03\/Still-2025-03-20-134451_1.2.23-1170x658.png 1170w, https:\/\/filmstyle.us\/wp-content\/uploads\/2025\/03\/Still-2025-03-20-134451_1.2.23.png 1920w\" sizes=\"(max-width: 1024px) 100vw, 1024px\" \/><\/figure>\n\n\n\n<figure class=\"wp-block-image\"><img decoding=\"async\" width=\"1024\" height=\"576\" src=\"http:\/\/filmstyle.us\/wp-content\/uploads\/2025\/03\/Still-2025-03-20-134451_1.2.25-1024x576.png\" alt=\"\" class=\"wp-image-159\" srcset=\"https:\/\/filmstyle.us\/wp-content\/uploads\/2025\/03\/Still-2025-03-20-134451_1.2.25-1024x576.png 1024w, https:\/\/filmstyle.us\/wp-content\/uploads\/2025\/03\/Still-2025-03-20-134451_1.2.25-300x169.png 300w, https:\/\/filmstyle.us\/wp-content\/uploads\/2025\/03\/Still-2025-03-20-134451_1.2.25-768x432.png 768w, https:\/\/filmstyle.us\/wp-content\/uploads\/2025\/03\/Still-2025-03-20-134451_1.2.25-1536x864.png 1536w, https:\/\/filmstyle.us\/wp-content\/uploads\/2025\/03\/Still-2025-03-20-134451_1.2.25-1170x658.png 1170w, https:\/\/filmstyle.us\/wp-content\/uploads\/2025\/03\/Still-2025-03-20-134451_1.2.25.png 1920w\" sizes=\"(max-width: 1024px) 100vw, 1024px\" \/><\/figure>\n\n\n\n<figure class=\"wp-block-image\"><img loading=\"lazy\" decoding=\"async\" width=\"1024\" height=\"576\" src=\"http:\/\/filmstyle.us\/wp-content\/uploads\/2025\/03\/Still-2025-03-20-134451_1.2.1-1024x576.png\" alt=\"\" class=\"wp-image-155\" srcset=\"https:\/\/filmstyle.us\/wp-content\/uploads\/2025\/03\/Still-2025-03-20-134451_1.2.1-1024x576.png 1024w, https:\/\/filmstyle.us\/wp-content\/uploads\/2025\/03\/Still-2025-03-20-134451_1.2.1-300x169.png 300w, https:\/\/filmstyle.us\/wp-content\/uploads\/2025\/03\/Still-2025-03-20-134451_1.2.1-768x432.png 768w, https:\/\/filmstyle.us\/wp-content\/uploads\/2025\/03\/Still-2025-03-20-134451_1.2.1-1536x864.png 1536w, https:\/\/filmstyle.us\/wp-content\/uploads\/2025\/03\/Still-2025-03-20-134451_1.2.1-1170x658.png 1170w, https:\/\/filmstyle.us\/wp-content\/uploads\/2025\/03\/Still-2025-03-20-134451_1.2.1.png 1920w\" sizes=\"(max-width: 1024px) 100vw, 1024px\" \/><\/figure>\n\n\n\n<div class=\"wp-block-columns is-layout-flex wp-container-core-columns-is-layout-28f84493 wp-block-columns-is-layout-flex\">\n<div class=\"wp-block-column is-layout-flow wp-block-column-is-layout-flow\">\n<figure class=\"wp-block-image is-resized\"><img decoding=\"async\" src=\"https:\/\/motivate.pictures\/wp-content\/uploads\/2022\/11\/DV-ams.jpg\" alt=\"\" class=\"wp-image-670\" style=\"width:207px;height:auto\"\/><\/figure>\n<\/div>\n\n\n\n<div class=\"wp-block-column is-layout-flow wp-block-column-is-layout-flow\">\n<figure class=\"wp-block-image is-resized\"><img decoding=\"async\" src=\"https:\/\/motivate.pictures\/wp-content\/uploads\/2022\/11\/DV-NY-silver.jpg\" alt=\"\" class=\"wp-image-649\" style=\"width:207px;height:auto\"\/><\/figure>\n<\/div>\n\n\n\n<div class=\"wp-block-column is-layout-flow wp-block-column-is-layout-flow\">\n<figure class=\"wp-block-image is-resized\"><img decoding=\"async\" src=\"https:\/\/motivate.pictures\/wp-content\/uploads\/2022\/11\/DV-NY-HM.jpg\" alt=\"\" class=\"wp-image-665\" style=\"width:205px;height:auto\"\/><\/figure>\n<\/div>\n<\/div>\n\n\n\n<div class=\"wp-block-columns is-layout-flex wp-container-core-columns-is-layout-28f84493 wp-block-columns-is-layout-flex\">\n<div class=\"wp-block-column is-layout-flow wp-block-column-is-layout-flow\">\n<figure class=\"wp-block-image is-resized\"><img decoding=\"async\" src=\"https:\/\/motivate.pictures\/wp-content\/uploads\/2022\/11\/DV-paris.jpg\" alt=\"\" class=\"wp-image-650\" style=\"width:212px;height:auto\"\/><\/figure>\n<\/div>\n\n\n\n<div class=\"wp-block-column is-layout-flow wp-block-column-is-layout-flow\">\n<figure class=\"wp-block-image is-resized\"><img decoding=\"async\" src=\"https:\/\/motivate.pictures\/wp-content\/uploads\/2022\/11\/DV-vesivius.jpg\" alt=\"\" class=\"wp-image-651\" style=\"width:206px;height:auto\"\/><\/figure>\n<\/div>\n\n\n\n<div class=\"wp-block-column is-layout-flow wp-block-column-is-layout-flow\">\n<figure class=\"wp-block-image is-resized\"><img decoding=\"async\" src=\"https:\/\/motivate.pictures\/wp-content\/uploads\/2022\/11\/DV-prisma.jpg\" alt=\"\" class=\"wp-image-654\" style=\"width:207px;height:auto\"\/><\/figure>\n<\/div>\n<\/div>\n\n\n\n<div class=\"wp-block-columns is-layout-flex wp-container-core-columns-is-layout-28f84493 wp-block-columns-is-layout-flex\">\n<div class=\"wp-block-column is-layout-flow wp-block-column-is-layout-flow\">\n<figure class=\"wp-block-image is-resized\"><img decoding=\"async\" src=\"https:\/\/motivate.pictures\/wp-content\/uploads\/2022\/11\/DV-LA.jpg\" alt=\"\" class=\"wp-image-661\" style=\"width:208px;height:auto\"\/><\/figure>\n<\/div>\n\n\n\n<div class=\"wp-block-column is-layout-flow wp-block-column-is-layout-flow\">\n<figure class=\"wp-block-image is-resized\"><img decoding=\"async\" src=\"https:\/\/motivate.pictures\/wp-content\/uploads\/2022\/11\/DV-Hllwd.jpg\" alt=\"\" class=\"wp-image-648\" style=\"width:208px;height:auto\"\/><\/figure>\n<\/div>\n\n\n\n<div class=\"wp-block-column is-layout-flow wp-block-column-is-layout-flow\"><\/div>\n<\/div>\n\n\n\n<p><\/p>","protected":false},"excerpt":{"rendered":"<p>D\u00e9j\u00e0 Vu es un proyecto de ciencia ficci\u00f3n nacido de la experiencia vivida durante los encierros sociales de 2020. Se trata de un giro de tuerca al confinamiento y de los esfuerzos de un padre por salvar a su hija. P\u00e1gina IMDB del proyecto<\/p>","protected":false},"author":1,"featured_media":0,"parent":0,"menu_order":0,"comment_status":"closed","ping_status":"closed","template":"","meta":{"_vp_format_video_url":"","_vp_image_focal_point":[],"footnotes":""},"class_list":["post-174","page","type-page","status-publish","hentry"],"_links":{"self":[{"href":"https:\/\/filmstyle.us\/en\/wp-json\/wp\/v2\/pages\/174","targetHints":{"allow":["GET"]}}],"collection":[{"href":"https:\/\/filmstyle.us\/en\/wp-json\/wp\/v2\/pages"}],"about":[{"href":"https:\/\/filmstyle.us\/en\/wp-json\/wp\/v2\/types\/page"}],"author":[{"embeddable":true,"href":"https:\/\/filmstyle.us\/en\/wp-json\/wp\/v2\/users\/1"}],"replies":[{"embeddable":true,"href":"https:\/\/filmstyle.us\/en\/wp-json\/wp\/v2\/comments?post=174"}],"version-history":[{"count":0,"href":"https:\/\/filmstyle.us\/en\/wp-json\/wp\/v2\/pages\/174\/revisions"}],"wp:attachment":[{"href":"https:\/\/filmstyle.us\/en\/wp-json\/wp\/v2\/media?parent=174"}],"curies":[{"name":"wp","href":"https:\/\/api.w.org\/{rel}","templated":true}]}}