{"id":173,"date":"2025-03-24T11:31:21","date_gmt":"2025-03-24T11:31:21","guid":{"rendered":"https:\/\/filmstyle.us\/?page_id=173"},"modified":"2025-05-04T20:15:41","modified_gmt":"2025-05-04T20:15:41","slug":"estocolmo","status":"publish","type":"page","link":"https:\/\/filmstyle.us\/en\/estocolmo","title":{"rendered":"Stockholm"},"content":{"rendered":"<p>Estocolmo es una reflexi\u00f3n sobre un problema social del que se habla poco y que en nuestra opini\u00f3n necesita m\u00e1s visibilidad. Fu\u00e9 finalista en el 19 Festival de Cortometrajes de L\u2019Hospitalet.<\/p>\n\n\n\n<p><a href=\"https:\/\/www.imdb.com\/title\/tt35477133\/\" target=\"_blank\" rel=\"noreferrer noopener\">IMDB page<\/a><\/p>\n\n\n\n<figure class=\"wp-block-image size-large is-resized\"><img fetchpriority=\"high\" decoding=\"async\" width=\"686\" height=\"1024\" src=\"https:\/\/filmstyle.us\/wp-content\/uploads\/2025\/05\/Cartel-Estocolmo-686x1024.png\" alt=\"\" class=\"wp-image-212\" style=\"width:720px;height:auto\" srcset=\"https:\/\/filmstyle.us\/wp-content\/uploads\/2025\/05\/Cartel-Estocolmo-686x1024.png 686w, https:\/\/filmstyle.us\/wp-content\/uploads\/2025\/05\/Cartel-Estocolmo-201x300.png 201w, https:\/\/filmstyle.us\/wp-content\/uploads\/2025\/05\/Cartel-Estocolmo-768x1147.png 768w, https:\/\/filmstyle.us\/wp-content\/uploads\/2025\/05\/Cartel-Estocolmo-1029x1536.png 1029w, https:\/\/filmstyle.us\/wp-content\/uploads\/2025\/05\/Cartel-Estocolmo-8x12.png 8w, https:\/\/filmstyle.us\/wp-content\/uploads\/2025\/05\/Cartel-Estocolmo-500x747.png 500w, https:\/\/filmstyle.us\/wp-content\/uploads\/2025\/05\/Cartel-Estocolmo-800x1194.png 800w, https:\/\/filmstyle.us\/wp-content\/uploads\/2025\/05\/Cartel-Estocolmo-1280x1911.png 1280w, https:\/\/filmstyle.us\/wp-content\/uploads\/2025\/05\/Cartel-Estocolmo-1170x1747.png 1170w, https:\/\/filmstyle.us\/wp-content\/uploads\/2025\/05\/Cartel-Estocolmo.png 1286w\" sizes=\"(max-width: 686px) 100vw, 686px\" \/><\/figure>\n\n\n\n<figure class=\"wp-block-image\"><img decoding=\"async\" src=\"http:\/\/filmstyle.us\/wp-content\/uploads\/2025\/03\/Still-2024-11-15-174620_1.28.1-1024x576.png\" alt=\"\" class=\"wp-image-153\"\/><\/figure>\n\n\n\n<figure class=\"wp-block-image\"><img decoding=\"async\" width=\"1024\" height=\"576\" src=\"http:\/\/filmstyle.us\/wp-content\/uploads\/2025\/03\/Still-2024-11-15-174620_1.20.1-1024x576.png\" alt=\"\" class=\"wp-image-152\" srcset=\"https:\/\/filmstyle.us\/wp-content\/uploads\/2025\/03\/Still-2024-11-15-174620_1.20.1-1024x576.png 1024w, https:\/\/filmstyle.us\/wp-content\/uploads\/2025\/03\/Still-2024-11-15-174620_1.20.1-300x169.png 300w, https:\/\/filmstyle.us\/wp-content\/uploads\/2025\/03\/Still-2024-11-15-174620_1.20.1-768x432.png 768w, https:\/\/filmstyle.us\/wp-content\/uploads\/2025\/03\/Still-2024-11-15-174620_1.20.1-1536x864.png 1536w, https:\/\/filmstyle.us\/wp-content\/uploads\/2025\/03\/Still-2024-11-15-174620_1.20.1-1170x658.png 1170w, https:\/\/filmstyle.us\/wp-content\/uploads\/2025\/03\/Still-2024-11-15-174620_1.20.1.png 1920w\" sizes=\"(max-width: 1024px) 100vw, 1024px\" \/><\/figure>\n\n\n\n<figure class=\"wp-block-image\"><img decoding=\"async\" width=\"1024\" height=\"576\" src=\"http:\/\/filmstyle.us\/wp-content\/uploads\/2025\/03\/Still-2024-11-15-174744_1.2.1-1024x576.png\" alt=\"\" class=\"wp-image-154\" srcset=\"https:\/\/filmstyle.us\/wp-content\/uploads\/2025\/03\/Still-2024-11-15-174744_1.2.1-1024x576.png 1024w, https:\/\/filmstyle.us\/wp-content\/uploads\/2025\/03\/Still-2024-11-15-174744_1.2.1-300x169.png 300w, https:\/\/filmstyle.us\/wp-content\/uploads\/2025\/03\/Still-2024-11-15-174744_1.2.1-768x432.png 768w, https:\/\/filmstyle.us\/wp-content\/uploads\/2025\/03\/Still-2024-11-15-174744_1.2.1-1536x864.png 1536w, https:\/\/filmstyle.us\/wp-content\/uploads\/2025\/03\/Still-2024-11-15-174744_1.2.1-1170x658.png 1170w, https:\/\/filmstyle.us\/wp-content\/uploads\/2025\/03\/Still-2024-11-15-174744_1.2.1.png 1920w\" sizes=\"(max-width: 1024px) 100vw, 1024px\" \/><\/figure>\n\n\n\n<p><\/p>","protected":false},"excerpt":{"rendered":"<p>Estocolmo es una reflexi\u00f3n sobre un problema social del que se habla poco y que en nuestra opini\u00f3n necesita m\u00e1s visibilidad. Fu\u00e9 finalista en el 19 Festival de Cortometrajes de L\u2019Hospitalet. P\u00e1gina IMDB del proyecto<\/p>","protected":false},"author":1,"featured_media":0,"parent":0,"menu_order":0,"comment_status":"closed","ping_status":"closed","template":"","meta":{"_vp_format_video_url":"","_vp_image_focal_point":[],"footnotes":""},"class_list":["post-173","page","type-page","status-publish","hentry"],"_links":{"self":[{"href":"https:\/\/filmstyle.us\/en\/wp-json\/wp\/v2\/pages\/173","targetHints":{"allow":["GET"]}}],"collection":[{"href":"https:\/\/filmstyle.us\/en\/wp-json\/wp\/v2\/pages"}],"about":[{"href":"https:\/\/filmstyle.us\/en\/wp-json\/wp\/v2\/types\/page"}],"author":[{"embeddable":true,"href":"https:\/\/filmstyle.us\/en\/wp-json\/wp\/v2\/users\/1"}],"replies":[{"embeddable":true,"href":"https:\/\/filmstyle.us\/en\/wp-json\/wp\/v2\/comments?post=173"}],"version-history":[{"count":0,"href":"https:\/\/filmstyle.us\/en\/wp-json\/wp\/v2\/pages\/173\/revisions"}],"wp:attachment":[{"href":"https:\/\/filmstyle.us\/en\/wp-json\/wp\/v2\/media?parent=173"}],"curies":[{"name":"wp","href":"https:\/\/api.w.org\/{rel}","templated":true}]}}