{"id":163,"date":"2025-03-20T13:25:01","date_gmt":"2025-03-20T13:25:01","guid":{"rendered":"https:\/\/filmstyle.us\/?page_id=163"},"modified":"2025-11-17T12:25:25","modified_gmt":"2025-11-17T12:25:25","slug":"servicios","status":"publish","type":"page","link":"https:\/\/filmstyle.us\/en\/servicios","title":{"rendered":"Services"},"content":{"rendered":"<div data-elementor-type=\"wp-page\" data-elementor-id=\"163\" class=\"elementor elementor-163\">\n\t\t\t\t<div class=\"elementor-element elementor-element-bfa11b3 e-flex e-con-boxed e-con e-parent\" data-id=\"bfa11b3\" data-element_type=\"container\" data-settings=\"{&quot;background_background&quot;:&quot;classic&quot;}\">\n\t\t\t\t\t<div class=\"e-con-inner\">\n\t\t\t\t<div class=\"elementor-element elementor-element-0c88f90 elementor-widget elementor-widget-heading\" data-id=\"0c88f90\" data-element_type=\"widget\" data-widget_type=\"heading.default\">\n\t\t\t\t\t<h2 class=\"elementor-heading-title elementor-size-default\">Scene shooting for demo reel<\/h2>\t\t\t\t<\/div>\n\t\t\t\t<div class=\"elementor-element elementor-element-23f2932 elementor-widget__width-initial elementor-widget elementor-widget-text-editor\" data-id=\"23f2932\" data-element_type=\"widget\" data-widget_type=\"text-editor.default\">\n\t\t\t\t\t\t\t\t\t<p>Somos\u00a0una divisi\u00f3n de la productora de cine Motivate Pictures. En Barcelona hemos abierto un departamento especializado en la creaci\u00f3n de videobooks con calidad cinematogr\u00e1fica. Con a\u00f1os de experiencia en la industria del cine, tanto en Espa\u00f1a como en Estados Unidos, hemos trabajado en m\u00faltiples producciones que nos han permitido perfeccionar nuestra t\u00e9cnica y narrativa visual. No hacemos simples videobooks, creamos escenas que parecen sacadas directamente de una pel\u00edcula. Nos enfocamos en capturar la esencia de cada actor y potenciar su talento con una producci\u00f3n de alto nivel sacando el m\u00e1ximo rendimiento a cualquier presupuesto por bajo que sea.<br \/>Nuestro equipo acumula a d\u00eda de hoy decenas de premios en festivales de cine de todo el mundo en diversas categorias. Amamos el cine.<\/p>\n<p><!-- \/wp:paragraph --><!-- wp:paragraph --><\/p>\n<p><!-- \/wp:paragraph --><\/p>\t\t\t\t\t\t\t\t<\/div>\n\t\t<div class=\"elementor-element elementor-element-8fa8291 e-grid e-con-full e-con e-child\" data-id=\"8fa8291\" data-element_type=\"container\">\n\t\t\t\t<div class=\"elementor-element elementor-element-da5cb25 elementor-widget elementor-widget-image\" data-id=\"da5cb25\" data-element_type=\"widget\" data-widget_type=\"image.default\">\n\t\t\t\t\t\t\t\t\t\t\t\t\t\t\t<img fetchpriority=\"high\" decoding=\"async\" width=\"820\" height=\"1024\" src=\"https:\/\/filmstyle.us\/wp-content\/uploads\/2025\/11\/awards-01-820x1024.png\" class=\"attachment-large size-large wp-image-619\" alt=\"\" srcset=\"https:\/\/filmstyle.us\/wp-content\/uploads\/2025\/11\/awards-01-820x1024.png 820w, https:\/\/filmstyle.us\/wp-content\/uploads\/2025\/11\/awards-01-240x300.png 240w, https:\/\/filmstyle.us\/wp-content\/uploads\/2025\/11\/awards-01-768x959.png 768w, https:\/\/filmstyle.us\/wp-content\/uploads\/2025\/11\/awards-01-10x12.png 10w, https:\/\/filmstyle.us\/wp-content\/uploads\/2025\/11\/awards-01-500x624.png 500w, https:\/\/filmstyle.us\/wp-content\/uploads\/2025\/11\/awards-01-800x999.png 800w, https:\/\/filmstyle.us\/wp-content\/uploads\/2025\/11\/awards-01.png 1081w\" sizes=\"(max-width: 820px) 100vw, 820px\" \/>\t\t\t\t\t\t\t\t\t\t\t\t\t\t\t<\/div>\n\t\t\t\t<div class=\"elementor-element elementor-element-8427ea2 elementor-widget elementor-widget-image\" data-id=\"8427ea2\" data-element_type=\"widget\" data-widget_type=\"image.default\">\n\t\t\t\t\t\t\t\t\t\t\t\t\t\t\t<img decoding=\"async\" width=\"820\" height=\"1024\" src=\"https:\/\/filmstyle.us\/wp-content\/uploads\/2025\/11\/awards-02-820x1024.png\" class=\"attachment-large size-large wp-image-620\" alt=\"\" srcset=\"https:\/\/filmstyle.us\/wp-content\/uploads\/2025\/11\/awards-02-820x1024.png 820w, https:\/\/filmstyle.us\/wp-content\/uploads\/2025\/11\/awards-02-240x300.png 240w, https:\/\/filmstyle.us\/wp-content\/uploads\/2025\/11\/awards-02-768x959.png 768w, https:\/\/filmstyle.us\/wp-content\/uploads\/2025\/11\/awards-02-10x12.png 10w, https:\/\/filmstyle.us\/wp-content\/uploads\/2025\/11\/awards-02-500x624.png 500w, https:\/\/filmstyle.us\/wp-content\/uploads\/2025\/11\/awards-02-800x999.png 800w, https:\/\/filmstyle.us\/wp-content\/uploads\/2025\/11\/awards-02.png 1081w\" sizes=\"(max-width: 820px) 100vw, 820px\" \/>\t\t\t\t\t\t\t\t\t\t\t\t\t\t\t<\/div>\n\t\t\t\t<div class=\"elementor-element elementor-element-906d0f7 elementor-widget elementor-widget-image\" data-id=\"906d0f7\" data-element_type=\"widget\" data-widget_type=\"image.default\">\n\t\t\t\t\t\t\t\t\t\t\t\t\t\t\t<img decoding=\"async\" width=\"820\" height=\"1024\" src=\"https:\/\/filmstyle.us\/wp-content\/uploads\/2025\/11\/awards-03-820x1024.png\" class=\"attachment-large size-large wp-image-621\" alt=\"\" srcset=\"https:\/\/filmstyle.us\/wp-content\/uploads\/2025\/11\/awards-03-820x1024.png 820w, https:\/\/filmstyle.us\/wp-content\/uploads\/2025\/11\/awards-03-240x300.png 240w, https:\/\/filmstyle.us\/wp-content\/uploads\/2025\/11\/awards-03-768x959.png 768w, https:\/\/filmstyle.us\/wp-content\/uploads\/2025\/11\/awards-03-10x12.png 10w, https:\/\/filmstyle.us\/wp-content\/uploads\/2025\/11\/awards-03-500x624.png 500w, https:\/\/filmstyle.us\/wp-content\/uploads\/2025\/11\/awards-03-800x999.png 800w, https:\/\/filmstyle.us\/wp-content\/uploads\/2025\/11\/awards-03.png 1081w\" sizes=\"(max-width: 820px) 100vw, 820px\" \/>\t\t\t\t\t\t\t\t\t\t\t\t\t\t\t<\/div>\n\t\t\t\t<\/div>\n\t\t<div class=\"elementor-element elementor-element-85d50bf e-flex e-con-boxed e-con e-child\" data-id=\"85d50bf\" data-element_type=\"container\">\n\t\t\t\t\t<div class=\"e-con-inner\">\n\t\t\t\t<div class=\"elementor-element elementor-element-e167f51 elementor-widget elementor-widget-text-editor\" data-id=\"e167f51\" data-element_type=\"widget\" data-widget_type=\"text-editor.default\">\n\t\t\t\t\t\t\t\t\t<p><strong>\u00bfPOR QU\u00c9 UN VIDEOBOOK CON FILMSTYLE?<\/strong><\/p>\n<p>Porque adem\u00e1s de dedicarnos al cine, gracias a nuestra larga experiencia y a\u00f1os de investigaci\u00f3n, sabemos perfectamente c\u00f3mo funciona la industria desde dentro y que caracter\u00edsticas debe tener un buen videobook para que destaque frente al resto.<br \/>Un videobook es tu carta de presentaci\u00f3n como actor o actriz. Si quieres destacar, necesitas una pieza audiovisual que muestre lo mejor de ti con una calidad profesional.<br \/><strong>\u00b7 Calidad Cinematogr\u00e1fica \u2013<\/strong> Direcci\u00f3n, iluminaci\u00f3n y sonido al nivel del cine.<br \/><strong>\u00b7 100 % Personalizado \u2013<\/strong> Dise\u00f1amos escenas adaptadas a tus puntos fuertes y necesidades.<br \/><strong>\u00b7 Equipo Profesional \u2013<\/strong> Contamos con un equipo de la industria audiovisual.<br \/><strong>\u00b7 Experiencia en la Industria \u2013<\/strong> M\u00e1s de 10 a\u00f1os en cine y publicidad.<br \/><strong>\u00b7 Rodaje con c\u00e1mara RED y opticas prime &#8211;<\/strong> Rodamos con una c\u00e1mara RED utilizada en producciones como Guardianes de la Galaxia 3, Furiosa o The Killer (David Fincher).\u00a0<\/p>\n<p><!-- \/wp:paragraph --><!-- wp:paragraph --><\/p>\n<p><strong>En filmstyle te ofrecemos la posibilidad de dividir gastos con tu compa\u00f1ero de escena<\/strong> garantizando asi una escena completa para cada uno pagando asi cada persona solamente <strong>mitad del precio<\/strong> completo de una escena.<\/p>\t\t\t\t\t\t\t\t<\/div>\n\t\t\t\t\t<\/div>\n\t\t\t\t<\/div>\n\t\t\t\t<div class=\"elementor-element elementor-element-744f5e7 elementor-button-info elementor-widget elementor-widget-button\" data-id=\"744f5e7\" data-element_type=\"widget\" data-widget_type=\"button.default\">\n\t\t\t\t\t\t\t\t\t\t<a class=\"elementor-button elementor-button-link elementor-size-sm\" href=\"https:\/\/wa.me\/34600948328\">\n\t\t\t\t\t\t<span class=\"elementor-button-content-wrapper\">\n\t\t\t\t\t\t\t\t\t<span class=\"elementor-button-text\">Preguntanos por las condiciones de esta opci\u00f3n de pago<\/span>\n\t\t\t\t\t<\/span>\n\t\t\t\t\t<\/a>\n\t\t\t\t\t\t\t\t<\/div>\n\t\t\t\t<div class=\"elementor-element elementor-element-c9d93b0 elementor-widget__width-initial elementor-widget elementor-widget-text-editor\" data-id=\"c9d93b0\" data-element_type=\"widget\" data-widget_type=\"text-editor.default\">\n\t\t\t\t\t\t\t\t\t<p class=\"cvGsUA direction-ltr align-start para-style-body\"><span class=\"a_GcMg font-feature-liga-off font-feature-clig-off font-feature-calt-off text-decoration-none text-strikethrough-none\"><strong>Las escenas incluyen:<\/strong><br \/><\/span> <span class=\"a_GcMg font-feature-liga-off font-feature-clig-off font-feature-calt-off text-decoration-none text-strikethrough-none\">Asesoramiento, reuni\u00f3n para conocer tu perfil y qu\u00e9 quieres construir, guion personalizado y una revisi\u00f3n, posproducci\u00f3n de sonido, color y montaje con una revisi\u00f3n, direcci\u00f3n, acting coach y equipo t\u00e9cnico de luz, c\u00e1mara y sonido el d\u00eda de rodaje, hasta 5 horas de rodaje.<\/span><\/p>\n<p><strong>Available extras:<br \/><\/strong>\u00b7 Professional make-up<br \/>\u00b7 Coreograf\u00edas de acci\u00f3n y stunt coordinator.<br \/>\u00b7 A more complete team with more specialists, to offer better results.<\/p>\n<p><!-- \/wp:paragraph --><!-- wp:paragraph --><\/p>\n<p>Let's talk, we'll get you the service you need at a competitive price.<\/p>\n<p>Si contratas 2 o 3 escenas recibir\u00e1s un mejor precio por escena.<\/p>\n<p><!-- \/wp:paragraph --><!-- wp:paragraph --><\/p>\n<p><!-- \/wp:paragraph --><!-- wp:paragraph --><\/p>\t\t\t\t\t\t\t\t<\/div>\n\t\t\t\t<div class=\"elementor-element elementor-element-9270f45 elementor-widget elementor-widget-button\" data-id=\"9270f45\" data-element_type=\"widget\" data-widget_type=\"button.default\">\n\t\t\t\t\t\t\t\t\t\t<a class=\"elementor-button elementor-button-link elementor-size-sm\" href=\"https:\/\/filmstyle.us\/en\/showreel\/\" target=\"_blank\">\n\t\t\t\t\t\t<span class=\"elementor-button-content-wrapper\">\n\t\t\t\t\t\t\t\t\t<span class=\"elementor-button-text\">Descubre la calidad que ofrecemos<\/span>\n\t\t\t\t\t<\/span>\n\t\t\t\t\t<\/a>\n\t\t\t\t\t\t\t\t<\/div>\n\t\t\t\t\t<\/div>\n\t\t\t\t<\/div>\n\t\t<div class=\"elementor-element elementor-element-7e30cc7 e-flex e-con-boxed e-con e-parent\" data-id=\"7e30cc7\" data-element_type=\"container\">\n\t\t\t\t\t<div class=\"e-con-inner\">\n\t\t\t\t<div class=\"elementor-element elementor-element-fd45a27 elementor-widget elementor-widget-heading\" data-id=\"fd45a27\" data-element_type=\"widget\" data-widget_type=\"heading.default\">\n\t\t\t\t\t<h2 class=\"elementor-heading-title elementor-size-default\">Grabaci\u00f3n de self tapes<\/h2>\t\t\t\t<\/div>\n\t\t\t\t<div class=\"elementor-element elementor-element-f539e67 elementor-widget__width-initial elementor-widget elementor-widget-text-editor\" data-id=\"f539e67\" data-element_type=\"widget\" data-widget_type=\"text-editor.default\">\n\t\t\t\t\t\t\t\t\t<p><strong>\u00bfTienes una prueba importante y necesitas un selftape a la altura? Nuestro equipo de cine profesional te ayuda a marcar la diferencia.<\/strong><\/p>\n<ul>\n<li aria-level=\"1\"><span style=\"font-weight: 400;\">-Equipo profesional de cine que se encarga de todo<\/span><\/li>\n<li style=\"font-weight: 400;\" aria-level=\"1\"><span style=\"font-weight: 400;\">Direcci\u00f3n de Actores<\/span><\/li>\n<li style=\"font-weight: 400;\" aria-level=\"1\"><span style=\"font-weight: 400;\">Calidad HD<\/span><\/li>\n<li aria-level=\"1\">Las tomas que necesites<\/li>\n<li aria-level=\"1\">R\u00e9plica de actor\/actriz si la prueba lo requiere<\/li>\n<li aria-level=\"1\">Espacio adaptado<\/li>\n<li style=\"font-weight: 400;\" aria-level=\"1\"><span style=\"font-weight: 400;\">Con c\u00e1mara 6K, audio y luces profesionales.<\/span><\/li>\n<li style=\"font-weight: 400;\" aria-level=\"1\"><span style=\"font-weight: 400;\">Montaje y correcci\u00f3n de color<\/span><\/li>\n<li style=\"font-weight: 400;\" aria-level=\"1\"><span style=\"font-weight: 400;\">Env\u00edo en menos de 24 horas.<\/span><\/li>\n<\/ul>\n<p><strong>95\u20ac hora y media y 25\u20ac por cada hora extra<\/strong><\/p>\t\t\t\t\t\t\t\t<\/div>\n\t\t\t\t\t<\/div>\n\t\t\t\t<\/div>\n\t\t\t\t<\/div>","protected":false},"excerpt":{"rendered":"<p>Rodaje de escenas para videobook Somos\u00a0una divisi\u00f3n de la productora de cine Motivate Pictures. En Barcelona hemos abierto un departamento especializado en la creaci\u00f3n de videobooks con calidad cinematogr\u00e1fica. Con a\u00f1os de experiencia en la industria del cine, tanto en Espa\u00f1a como en Estados Unidos, hemos trabajado en m\u00faltiples producciones que nos han permitido perfeccionar [&hellip;]<\/p>","protected":false},"author":1,"featured_media":0,"parent":0,"menu_order":0,"comment_status":"closed","ping_status":"closed","template":"ancha","meta":{"_vp_format_video_url":"","_vp_image_focal_point":[],"footnotes":""},"class_list":["post-163","page","type-page","status-publish","hentry"],"_links":{"self":[{"href":"https:\/\/filmstyle.us\/en\/wp-json\/wp\/v2\/pages\/163","targetHints":{"allow":["GET"]}}],"collection":[{"href":"https:\/\/filmstyle.us\/en\/wp-json\/wp\/v2\/pages"}],"about":[{"href":"https:\/\/filmstyle.us\/en\/wp-json\/wp\/v2\/types\/page"}],"author":[{"embeddable":true,"href":"https:\/\/filmstyle.us\/en\/wp-json\/wp\/v2\/users\/1"}],"replies":[{"embeddable":true,"href":"https:\/\/filmstyle.us\/en\/wp-json\/wp\/v2\/comments?post=163"}],"version-history":[{"count":0,"href":"https:\/\/filmstyle.us\/en\/wp-json\/wp\/v2\/pages\/163\/revisions"}],"wp:attachment":[{"href":"https:\/\/filmstyle.us\/en\/wp-json\/wp\/v2\/media?parent=163"}],"curies":[{"name":"wp","href":"https:\/\/api.w.org\/{rel}","templated":true}]}}