{"id":143,"date":"2025-03-20T12:04:57","date_gmt":"2025-03-20T12:04:57","guid":{"rendered":"https:\/\/filmstyle.us\/?page_id=143"},"modified":"2025-11-17T13:32:21","modified_gmt":"2025-11-17T13:32:21","slug":"media","status":"publish","type":"page","link":"https:\/\/filmstyle.us\/en\/media","title":{"rendered":""},"content":{"rendered":"<div data-elementor-type=\"wp-page\" data-elementor-id=\"143\" class=\"elementor elementor-143\">\n\t\t\t\t<div class=\"elementor-element elementor-element-05ebf6b e-flex e-con-boxed e-con e-parent\" data-id=\"05ebf6b\" data-element_type=\"container\" data-settings=\"{&quot;background_background&quot;:&quot;classic&quot;}\">\n\t\t\t\t\t<div class=\"e-con-inner\">\n\t\t<div class=\"elementor-element elementor-element-6cf3e88 e-con-full e-flex e-con e-child\" data-id=\"6cf3e88\" data-element_type=\"container\">\n\t\t\t\t<div class=\"elementor-element elementor-element-02b648d elementor-widget elementor-widget-image\" data-id=\"02b648d\" data-element_type=\"widget\" data-widget_type=\"image.default\">\n\t\t\t\t\t\t\t\t\t\t\t\t\t\t\t<img fetchpriority=\"high\" decoding=\"async\" width=\"686\" height=\"1024\" src=\"https:\/\/filmstyle.us\/wp-content\/uploads\/2025\/05\/01Artboard-1-686x1024.jpg\" class=\"attachment-large size-large wp-image-210\" alt=\"\" srcset=\"https:\/\/filmstyle.us\/wp-content\/uploads\/2025\/05\/01Artboard-1-686x1024.jpg 686w, https:\/\/filmstyle.us\/wp-content\/uploads\/2025\/05\/01Artboard-1-201x300.jpg 201w, https:\/\/filmstyle.us\/wp-content\/uploads\/2025\/05\/01Artboard-1-768x1146.jpg 768w, https:\/\/filmstyle.us\/wp-content\/uploads\/2025\/05\/01Artboard-1-1029x1536.jpg 1029w, https:\/\/filmstyle.us\/wp-content\/uploads\/2025\/05\/01Artboard-1-8x12.jpg 8w, https:\/\/filmstyle.us\/wp-content\/uploads\/2025\/05\/01Artboard-1-500x746.jpg 500w, https:\/\/filmstyle.us\/wp-content\/uploads\/2025\/05\/01Artboard-1-800x1194.jpg 800w, https:\/\/filmstyle.us\/wp-content\/uploads\/2025\/05\/01Artboard-1-1170x1746.jpg 1170w, https:\/\/filmstyle.us\/wp-content\/uploads\/2025\/05\/01Artboard-1.jpg 1206w\" sizes=\"(max-width: 686px) 100vw, 686px\" \/>\t\t\t\t\t\t\t\t\t\t\t\t\t\t\t<\/div>\n\t\t\t\t<\/div>\n\t\t<div class=\"elementor-element elementor-element-96db19f e-con-full e-flex e-con e-child\" data-id=\"96db19f\" data-element_type=\"container\">\n\t\t\t\t<div class=\"elementor-element elementor-element-c31e2d1 elementor-widget elementor-widget-heading\" data-id=\"c31e2d1\" data-element_type=\"widget\" data-widget_type=\"heading.default\">\n\t\t\t\t\t<h2 class=\"elementor-heading-title elementor-size-default\">D\u00e9j\u00e0 Vu<\/h2>\t\t\t\t<\/div>\n\t\t\t\t<div class=\"elementor-element elementor-element-22ef726 elementor-widget elementor-widget-text-editor\" data-id=\"22ef726\" data-element_type=\"widget\" data-widget_type=\"text-editor.default\">\n\t\t\t\t\t\t\t\t\t<p>Producido por:<br \/><b>Maurice Moore<\/b><br \/>Escrito y dirigido por:<b> Alex Rios<br \/><\/b>Cinematograf\u00eda por:<b> Alex Rios<\/b><br \/>Con: <b>Maurice Moore &amp;\u00a0 Olivia Whitney<br \/><\/b><\/p><p>Eric y su hija Grey est\u00e1n en cuarentena en casa debido a un fen\u00f3meno muy inusual en el universo. Esto los lleva a poner a prueba su fuerza y \u200b\u200bsu relaci\u00f3n.<br \/>Nada&#8230; es lo que parece.<\/p><p>Ganador mejor cortometraje en:<b><br \/>Vesuvius Film Festival<br \/>Around Films, Amsterdam<br \/>Paris Film Awards Festival<br \/>Roma Prime Film Awards<br \/>Barcelona Indie Awards<br \/>Los Angeles Independent Short Awards<br \/>Screen ATX<\/b><\/p>\t\t\t\t\t\t\t\t<\/div>\n\t\t\t\t<\/div>\n\t\t\t\t\t<\/div>\n\t\t\t\t<\/div>\n\t\t<div class=\"elementor-element elementor-element-17b0dd0 e-flex e-con-boxed e-con e-parent\" data-id=\"17b0dd0\" data-element_type=\"container\" data-settings=\"{&quot;background_background&quot;:&quot;classic&quot;}\">\n\t\t\t\t\t<div class=\"e-con-inner\">\n\t\t<div class=\"elementor-element elementor-element-9487aa5 e-con-full e-flex e-con e-child\" data-id=\"9487aa5\" data-element_type=\"container\">\n\t\t\t\t<div class=\"elementor-element elementor-element-9fb2943 elementor-widget elementor-widget-image\" data-id=\"9fb2943\" data-element_type=\"widget\" data-widget_type=\"image.default\">\n\t\t\t\t\t\t\t\t\t\t\t\t\t\t\t<img decoding=\"async\" width=\"686\" height=\"1024\" src=\"http:\/\/filmstyle.us\/wp-content\/uploads\/2025\/05\/Artboard-1-copy.jpg\" class=\"attachment-large size-large wp-image-216\" alt=\"\" srcset=\"https:\/\/filmstyle.us\/wp-content\/uploads\/2025\/05\/Artboard-1-copy.jpg 1286w, https:\/\/filmstyle.us\/wp-content\/uploads\/2025\/05\/Artboard-1-copy-201x300.jpg 201w, https:\/\/filmstyle.us\/wp-content\/uploads\/2025\/05\/Artboard-1-copy-686x1024.jpg 686w, https:\/\/filmstyle.us\/wp-content\/uploads\/2025\/05\/Artboard-1-copy-768x1147.jpg 768w, https:\/\/filmstyle.us\/wp-content\/uploads\/2025\/05\/Artboard-1-copy-1029x1536.jpg 1029w, https:\/\/filmstyle.us\/wp-content\/uploads\/2025\/05\/Artboard-1-copy-8x12.jpg 8w, https:\/\/filmstyle.us\/wp-content\/uploads\/2025\/05\/Artboard-1-copy-500x747.jpg 500w, https:\/\/filmstyle.us\/wp-content\/uploads\/2025\/05\/Artboard-1-copy-800x1194.jpg 800w, https:\/\/filmstyle.us\/wp-content\/uploads\/2025\/05\/Artboard-1-copy-1280x1911.jpg 1280w, https:\/\/filmstyle.us\/wp-content\/uploads\/2025\/05\/Artboard-1-copy-1170x1747.jpg 1170w\" sizes=\"(max-width: 686px) 100vw, 686px\" \/>\t\t\t\t\t\t\t\t\t\t\t\t\t\t\t<\/div>\n\t\t\t\t<\/div>\n\t\t<div class=\"elementor-element elementor-element-4d47ba8 e-con-full e-flex e-con e-child\" data-id=\"4d47ba8\" data-element_type=\"container\">\n\t\t\t\t<div class=\"elementor-element elementor-element-d08b240 elementor-widget elementor-widget-heading\" data-id=\"d08b240\" data-element_type=\"widget\" data-widget_type=\"heading.default\">\n\t\t\t\t\t<h2 class=\"elementor-heading-title elementor-size-default\">Ecos de Libertad\n (The delivery II)<\/h2>\t\t\t\t<\/div>\n\t\t\t\t<div class=\"elementor-element elementor-element-fe8f80c elementor-widget elementor-widget-text-editor\" data-id=\"fe8f80c\" data-element_type=\"widget\" data-widget_type=\"text-editor.default\">\n\t\t\t\t\t\t\t\t\t<p>Producido por:<br \/><b>Maurice Moore, Alex Rios, Pilar Oliver, Cristina S\u00e1nchez &amp; Estefania Mu\u00f1oz<\/b><br \/>Dirigido por:<b> Alex Rios<br \/><\/b>Cinematograf\u00eda por:<b> Rodrigo Bautista<br \/><\/b>Escrito por Pol cardona<\/p><p>Con: <b>Pilar Oliver &amp; Pol Cardona<br \/><\/b><\/p><p>En un futuro en el que los grandes poderes han conseguido el objetivo de censurar y dominar al pueblo un grupo de rebeldes lucha por defender aquello que m\u00e1s aman: la m\u00fasica.<\/p><p>Ganador mejor cortometraje en:<b><br \/>Atlanta Sci-Fi 48h film festival 2024<\/b><\/p>\t\t\t\t\t\t\t\t<\/div>\n\t\t\t\t<\/div>\n\t\t\t\t\t<\/div>\n\t\t\t\t<\/div>\n\t\t<div class=\"elementor-element elementor-element-821a335 e-flex e-con-boxed e-con e-parent\" data-id=\"821a335\" data-element_type=\"container\" data-settings=\"{&quot;background_background&quot;:&quot;classic&quot;}\">\n\t\t\t\t\t<div class=\"e-con-inner\">\n\t\t<div class=\"elementor-element elementor-element-41d876b e-con-full e-flex e-con e-child\" data-id=\"41d876b\" data-element_type=\"container\">\n\t\t\t\t<div class=\"elementor-element elementor-element-845f908 elementor-widget elementor-widget-image\" data-id=\"845f908\" data-element_type=\"widget\" data-widget_type=\"image.default\">\n\t\t\t\t\t\t\t\t\t\t\t\t\t\t\t<img decoding=\"async\" width=\"686\" height=\"1024\" src=\"https:\/\/filmstyle.us\/wp-content\/uploads\/2025\/10\/Cartel-Delivery-686x1024.jpg\" class=\"attachment-large size-large wp-image-507\" alt=\"\" srcset=\"https:\/\/filmstyle.us\/wp-content\/uploads\/2025\/10\/Cartel-Delivery-686x1024.jpg 686w, https:\/\/filmstyle.us\/wp-content\/uploads\/2025\/10\/Cartel-Delivery-201x300.jpg 201w, https:\/\/filmstyle.us\/wp-content\/uploads\/2025\/10\/Cartel-Delivery-768x1147.jpg 768w, https:\/\/filmstyle.us\/wp-content\/uploads\/2025\/10\/Cartel-Delivery-1029x1536.jpg 1029w, https:\/\/filmstyle.us\/wp-content\/uploads\/2025\/10\/Cartel-Delivery-1372x2048.jpg 1372w, https:\/\/filmstyle.us\/wp-content\/uploads\/2025\/10\/Cartel-Delivery-8x12.jpg 8w, https:\/\/filmstyle.us\/wp-content\/uploads\/2025\/10\/Cartel-Delivery-500x747.jpg 500w, https:\/\/filmstyle.us\/wp-content\/uploads\/2025\/10\/Cartel-Delivery-800x1195.jpg 800w, https:\/\/filmstyle.us\/wp-content\/uploads\/2025\/10\/Cartel-Delivery-1280x1911.jpg 1280w, https:\/\/filmstyle.us\/wp-content\/uploads\/2025\/10\/Cartel-Delivery-1170x1747.jpg 1170w, https:\/\/filmstyle.us\/wp-content\/uploads\/2025\/10\/Cartel-Delivery-scaled.jpg 1714w\" sizes=\"(max-width: 686px) 100vw, 686px\" \/>\t\t\t\t\t\t\t\t\t\t\t\t\t\t\t<\/div>\n\t\t\t\t<\/div>\n\t\t<div class=\"elementor-element elementor-element-96de68a e-con-full e-flex e-con e-child\" data-id=\"96de68a\" data-element_type=\"container\">\n\t\t\t\t<div class=\"elementor-element elementor-element-d5c0f78 elementor-widget elementor-widget-heading\" data-id=\"d5c0f78\" data-element_type=\"widget\" data-widget_type=\"heading.default\">\n\t\t\t\t\t<h2 class=\"elementor-heading-title elementor-size-default\">The Delivery<\/h2>\t\t\t\t<\/div>\n\t\t\t\t<div class=\"elementor-element elementor-element-6bfa6e5 elementor-widget elementor-widget-text-editor\" data-id=\"6bfa6e5\" data-element_type=\"widget\" data-widget_type=\"text-editor.default\">\n\t\t\t\t\t\t\t\t\t<p>Producido por:<br \/><b>Maurice Moore, Alex Rios, Pilar Oliver &amp; Cristina S\u00e1nchez<\/b><br \/>Escrito y dirigido por:<b> Alex Rios<br \/><\/b>Cinematograf\u00eda por:<b> I\u00f1aki Gonzalez<\/b><\/p><p>Con: <b>Pilar Oliver &amp; Julia Morella<br \/><\/b><\/p><p>\u00bfCu\u00e1nto cuesta un simple deseo en un mundo sin libertad? \u00bfCu\u00e1nto est\u00e1s dispuesto a sacrificar por\u00a0<\/p><p>Finalista en:<b><br \/>Atlanta Sci-Fi 48h film festival 2023<\/b><\/p>\t\t\t\t\t\t\t\t<\/div>\n\t\t\t\t<\/div>\n\t\t\t\t\t<\/div>\n\t\t\t\t<\/div>\n\t\t<div class=\"elementor-element elementor-element-cfd987e e-flex e-con-boxed e-con e-parent\" data-id=\"cfd987e\" data-element_type=\"container\" data-settings=\"{&quot;background_background&quot;:&quot;classic&quot;}\">\n\t\t\t\t\t<div class=\"e-con-inner\">\n\t\t<div class=\"elementor-element elementor-element-7406a21 e-con-full e-flex e-con e-child\" data-id=\"7406a21\" data-element_type=\"container\">\n\t\t\t\t<div class=\"elementor-element elementor-element-3b00df0 elementor-widget elementor-widget-image\" data-id=\"3b00df0\" data-element_type=\"widget\" data-widget_type=\"image.default\">\n\t\t\t\t\t\t\t\t\t\t\t\t\t\t\t<img loading=\"lazy\" decoding=\"async\" width=\"686\" height=\"1024\" src=\"https:\/\/filmstyle.us\/wp-content\/uploads\/2025\/05\/Cartel-Estocolmo-686x1024.png\" class=\"attachment-large size-large wp-image-212\" alt=\"\" srcset=\"https:\/\/filmstyle.us\/wp-content\/uploads\/2025\/05\/Cartel-Estocolmo-686x1024.png 686w, https:\/\/filmstyle.us\/wp-content\/uploads\/2025\/05\/Cartel-Estocolmo-201x300.png 201w, https:\/\/filmstyle.us\/wp-content\/uploads\/2025\/05\/Cartel-Estocolmo-768x1147.png 768w, https:\/\/filmstyle.us\/wp-content\/uploads\/2025\/05\/Cartel-Estocolmo-1029x1536.png 1029w, https:\/\/filmstyle.us\/wp-content\/uploads\/2025\/05\/Cartel-Estocolmo-8x12.png 8w, https:\/\/filmstyle.us\/wp-content\/uploads\/2025\/05\/Cartel-Estocolmo-500x747.png 500w, https:\/\/filmstyle.us\/wp-content\/uploads\/2025\/05\/Cartel-Estocolmo-800x1194.png 800w, https:\/\/filmstyle.us\/wp-content\/uploads\/2025\/05\/Cartel-Estocolmo-1280x1911.png 1280w, https:\/\/filmstyle.us\/wp-content\/uploads\/2025\/05\/Cartel-Estocolmo-1170x1747.png 1170w, https:\/\/filmstyle.us\/wp-content\/uploads\/2025\/05\/Cartel-Estocolmo.png 1286w\" sizes=\"(max-width: 686px) 100vw, 686px\" \/>\t\t\t\t\t\t\t\t\t\t\t\t\t\t\t<\/div>\n\t\t\t\t<\/div>\n\t\t<div class=\"elementor-element elementor-element-7c60f06 e-con-full e-flex e-con e-child\" data-id=\"7c60f06\" data-element_type=\"container\">\n\t\t\t\t<div class=\"elementor-element elementor-element-d269ad2 elementor-widget elementor-widget-heading\" data-id=\"d269ad2\" data-element_type=\"widget\" data-widget_type=\"heading.default\">\n\t\t\t\t\t<h2 class=\"elementor-heading-title elementor-size-default\">Stockholm<\/h2>\t\t\t\t<\/div>\n\t\t\t\t<div class=\"elementor-element elementor-element-9de7fbf elementor-widget elementor-widget-text-editor\" data-id=\"9de7fbf\" data-element_type=\"widget\" data-widget_type=\"text-editor.default\">\n\t\t\t\t\t\t\t\t\t<p>Producido por:<br \/><b>Maurice Moore, Alex Rios, Pilar Oliver, Cristina S\u00e1nchez &amp; Estefan\u00eda Mu\u00f1oz<\/b><br \/>Escrito y dirigido por:<b> Alex Rios<br \/><\/b>Cinematograf\u00eda por:<b> Rodrigo Bautista<\/b><\/p><p>Con: <b>Pilar Oliver &amp; Candy Mas<br \/><\/b><\/p><p><span style=\"font-weight: 400;\">Amara vive encerrada en una habitaci\u00f3n desde hace tiempo. Apenas recuerda el mundo exterior. Su \u00fanica compa\u00f1\u00eda es quien la retiene, una mujer que la alimenta, le habla con dulzura a ratos y con violencia en otros. Entre el miedo y la necesidad de afecto, Amara comienza a confundir cautiverio con cuidado.<\/span><\/p><p>Finalista en:<b><br \/>19e Festival de Curtmetratges de L&#8217;Hospitalet<\/b><\/p>\t\t\t\t\t\t\t\t<\/div>\n\t\t\t\t<\/div>\n\t\t\t\t\t<\/div>\n\t\t\t\t<\/div>\n\t\t<div class=\"elementor-element elementor-element-9ee5edf e-flex e-con-boxed e-con e-parent\" data-id=\"9ee5edf\" data-element_type=\"container\" data-settings=\"{&quot;background_background&quot;:&quot;classic&quot;}\">\n\t\t\t\t\t<div class=\"e-con-inner\">\n\t\t<div class=\"elementor-element elementor-element-442c154 e-con-full e-flex e-con e-child\" data-id=\"442c154\" data-element_type=\"container\">\n\t\t\t\t<div class=\"elementor-element elementor-element-cddf7e2 elementor-widget elementor-widget-image\" data-id=\"cddf7e2\" data-element_type=\"widget\" data-widget_type=\"image.default\">\n\t\t\t\t\t\t\t\t\t\t\t\t\t\t\t<img loading=\"lazy\" decoding=\"async\" width=\"686\" height=\"1024\" src=\"https:\/\/filmstyle.us\/wp-content\/uploads\/2025\/05\/poster-after-686x1024.jpg\" class=\"attachment-large size-large wp-image-209\" alt=\"\" srcset=\"https:\/\/filmstyle.us\/wp-content\/uploads\/2025\/05\/poster-after-686x1024.jpg 686w, https:\/\/filmstyle.us\/wp-content\/uploads\/2025\/05\/poster-after-201x300.jpg 201w, https:\/\/filmstyle.us\/wp-content\/uploads\/2025\/05\/poster-after-768x1147.jpg 768w, https:\/\/filmstyle.us\/wp-content\/uploads\/2025\/05\/poster-after-1029x1536.jpg 1029w, https:\/\/filmstyle.us\/wp-content\/uploads\/2025\/05\/poster-after-8x12.jpg 8w, https:\/\/filmstyle.us\/wp-content\/uploads\/2025\/05\/poster-after-500x747.jpg 500w, https:\/\/filmstyle.us\/wp-content\/uploads\/2025\/05\/poster-after-800x1194.jpg 800w, https:\/\/filmstyle.us\/wp-content\/uploads\/2025\/05\/poster-after-1280x1911.jpg 1280w, https:\/\/filmstyle.us\/wp-content\/uploads\/2025\/05\/poster-after-1170x1747.jpg 1170w, https:\/\/filmstyle.us\/wp-content\/uploads\/2025\/05\/poster-after.jpg 1286w\" sizes=\"(max-width: 686px) 100vw, 686px\" \/>\t\t\t\t\t\t\t\t\t\t\t\t\t\t\t<\/div>\n\t\t\t\t<\/div>\n\t\t<div class=\"elementor-element elementor-element-58b0ada e-con-full e-flex e-con e-child\" data-id=\"58b0ada\" data-element_type=\"container\">\n\t\t\t\t<div class=\"elementor-element elementor-element-874f6e2 elementor-widget elementor-widget-heading\" data-id=\"874f6e2\" data-element_type=\"widget\" data-widget_type=\"heading.default\">\n\t\t\t\t\t<h2 class=\"elementor-heading-title elementor-size-default\">After Life<\/h2>\t\t\t\t<\/div>\n\t\t\t\t<div class=\"elementor-element elementor-element-8df362a elementor-widget elementor-widget-text-editor\" data-id=\"8df362a\" data-element_type=\"widget\" data-widget_type=\"text-editor.default\">\n\t\t\t\t\t\t\t\t\t<p>Producido por:<br \/><b>Maurice Moore, Alex Rios, &amp; Cristina S\u00e1nchez<\/b><br \/>Escrito y dirigido por:<b> Alex Rios<br \/><\/b>Cinematograf\u00eda por:<b> Mariona Lopez<\/b><\/p><p>Con: <b>Helena Gerez &#8211; Marc Sepulveda &amp; Julia Morella<br \/><\/b><\/p><p><span style=\"font-weight: 400;\">Todo aquello en lo que crees es solo una cara de la misma moneda. La vida y lo que ocurre despu\u00e9s tiene m\u00e1s facetas de las que imaginas.<\/span><\/p>\t\t\t\t\t\t\t\t<\/div>\n\t\t\t\t<\/div>\n\t\t\t\t\t<\/div>\n\t\t\t\t<\/div>\n\t\t<div class=\"elementor-element elementor-element-525bc5c e-flex e-con-boxed e-con e-parent\" data-id=\"525bc5c\" data-element_type=\"container\" data-settings=\"{&quot;background_background&quot;:&quot;classic&quot;}\">\n\t\t\t\t\t<div class=\"e-con-inner\">\n\t\t<div class=\"elementor-element elementor-element-6826351 e-con-full e-flex e-con e-child\" data-id=\"6826351\" data-element_type=\"container\">\n\t\t\t\t<div class=\"elementor-element elementor-element-5b7744c elementor-widget elementor-widget-image\" data-id=\"5b7744c\" data-element_type=\"widget\" data-widget_type=\"image.default\">\n\t\t\t\t\t\t\t\t\t\t\t\t\t\t\t<img loading=\"lazy\" decoding=\"async\" width=\"717\" height=\"1024\" src=\"https:\/\/filmstyle.us\/wp-content\/uploads\/2025\/10\/Cartel-Blue-717x1024.jpg\" class=\"attachment-large size-large wp-image-517\" alt=\"\" srcset=\"https:\/\/filmstyle.us\/wp-content\/uploads\/2025\/10\/Cartel-Blue-717x1024.jpg 717w, https:\/\/filmstyle.us\/wp-content\/uploads\/2025\/10\/Cartel-Blue-210x300.jpg 210w, https:\/\/filmstyle.us\/wp-content\/uploads\/2025\/10\/Cartel-Blue-768x1097.jpg 768w, https:\/\/filmstyle.us\/wp-content\/uploads\/2025\/10\/Cartel-Blue-1075x1536.jpg 1075w, https:\/\/filmstyle.us\/wp-content\/uploads\/2025\/10\/Cartel-Blue-1434x2048.jpg 1434w, https:\/\/filmstyle.us\/wp-content\/uploads\/2025\/10\/Cartel-Blue-8x12.jpg 8w, https:\/\/filmstyle.us\/wp-content\/uploads\/2025\/10\/Cartel-Blue-500x714.jpg 500w, https:\/\/filmstyle.us\/wp-content\/uploads\/2025\/10\/Cartel-Blue-800x1143.jpg 800w, https:\/\/filmstyle.us\/wp-content\/uploads\/2025\/10\/Cartel-Blue-1280x1828.jpg 1280w, https:\/\/filmstyle.us\/wp-content\/uploads\/2025\/10\/Cartel-Blue-1920x2742.jpg 1920w, https:\/\/filmstyle.us\/wp-content\/uploads\/2025\/10\/Cartel-Blue-1170x1671.jpg 1170w, https:\/\/filmstyle.us\/wp-content\/uploads\/2025\/10\/Cartel-Blue-scaled.jpg 1792w\" sizes=\"(max-width: 717px) 100vw, 717px\" \/>\t\t\t\t\t\t\t\t\t\t\t\t\t\t\t<\/div>\n\t\t\t\t<\/div>\n\t\t<div class=\"elementor-element elementor-element-933af74 e-con-full e-flex e-con e-child\" data-id=\"933af74\" data-element_type=\"container\">\n\t\t\t\t<div class=\"elementor-element elementor-element-6a0cdf4 elementor-widget elementor-widget-heading\" data-id=\"6a0cdf4\" data-element_type=\"widget\" data-widget_type=\"heading.default\">\n\t\t\t\t\t<h2 class=\"elementor-heading-title elementor-size-default\">Blue<\/h2>\t\t\t\t<\/div>\n\t\t\t\t<div class=\"elementor-element elementor-element-025339f elementor-widget elementor-widget-text-editor\" data-id=\"025339f\" data-element_type=\"widget\" data-widget_type=\"text-editor.default\">\n\t\t\t\t\t\t\t\t\t<p>Producido por:<br \/><b>Maurice Moore, Alex Rios, &amp; Cristina S\u00e1nchez<\/b><br \/>Dirigido por:<b> Alex Rios &amp; Cristina S\u00e1nchez<br \/><\/b>Cinematograf\u00eda por:<b> Julia Maixer<br \/><\/b>Escrito por:<b> Sebastian J\u00edmenez Franco<\/b><\/p><p>Con: <b>Lidia Palomo &amp; Gala Santino<\/b><\/p><p><span style=\"font-weight: 400;\">Blue se adentra en lo m\u00e1s profundo de la depresi\u00f3n y soledad de Clara.<\/span><\/p><p>Mejor drama:<br \/><strong>Giove International Film Festival 2023<br \/><\/strong>Menci\u00f3n honorifica:<strong><br \/>12th Kolkata Shorts International Film Fest-2023<\/strong><\/p>\t\t\t\t\t\t\t\t<\/div>\n\t\t\t\t<\/div>\n\t\t\t\t\t<\/div>\n\t\t\t\t<\/div>\n\t\t\t\t<\/div>","protected":false},"excerpt":{"rendered":"<p>D\u00e9j\u00e0 Vu Producido por:Maurice MooreEscrito y dirigido por: Alex RiosCinematograf\u00eda por: Alex RiosCon: Maurice Moore &amp;\u00a0 Olivia Whitney Eric y su hija Grey est\u00e1n en cuarentena en casa debido a un fen\u00f3meno muy inusual en el universo. Esto los lleva a poner a prueba su fuerza y \u200b\u200bsu relaci\u00f3n.Nada&#8230; es lo que parece. Ganador mejor [&hellip;]<\/p>","protected":false},"author":1,"featured_media":0,"parent":0,"menu_order":0,"comment_status":"closed","ping_status":"closed","template":"ancha","meta":{"_vp_format_video_url":"","_vp_image_focal_point":[],"footnotes":""},"class_list":["post-143","page","type-page","status-publish","hentry"],"_links":{"self":[{"href":"https:\/\/filmstyle.us\/en\/wp-json\/wp\/v2\/pages\/143","targetHints":{"allow":["GET"]}}],"collection":[{"href":"https:\/\/filmstyle.us\/en\/wp-json\/wp\/v2\/pages"}],"about":[{"href":"https:\/\/filmstyle.us\/en\/wp-json\/wp\/v2\/types\/page"}],"author":[{"embeddable":true,"href":"https:\/\/filmstyle.us\/en\/wp-json\/wp\/v2\/users\/1"}],"replies":[{"embeddable":true,"href":"https:\/\/filmstyle.us\/en\/wp-json\/wp\/v2\/comments?post=143"}],"version-history":[{"count":0,"href":"https:\/\/filmstyle.us\/en\/wp-json\/wp\/v2\/pages\/143\/revisions"}],"wp:attachment":[{"href":"https:\/\/filmstyle.us\/en\/wp-json\/wp\/v2\/media?parent=143"}],"curies":[{"name":"wp","href":"https:\/\/api.w.org\/{rel}","templated":true}]}}